{"id":39,"date":"2021-07-11T17:12:31","date_gmt":"2021-07-11T20:12:31","guid":{"rendered":"https:\/\/www.camarabaixagrande.ba.gov.br\/sessoes2020\/?page_id=39"},"modified":"2021-07-11T21:31:59","modified_gmt":"2021-07-12T00:31:59","slug":"aloisio-queiroz","status":"publish","type":"page","link":"https:\/\/www.camarabaixagrande.ba.gov.br\/sessoes2020\/aloisio-queiroz\/","title":{"rendered":"Aloisio Queiroz"},"content":{"rendered":"\n\t\t\t<div class=\"uagb-post-grid  uagb-post__image-position-top uagb-block-3a166eea   \" data-total=\"1\">\n\n\t\t\t\t<div class=\"uagb-post__items uagb-post__columns-3 is-grid uagb-post__columns-tablet-2 uagb-post__columns-mobile-1 uagb-post__equal-height\">\n\n\t\t\t\t\t\t\t\t<article >\n\t\t\t\t\t\t\t\t\t\t<div class=\"uagb-post__inner-wrap\">\n\t\t\t\t\t\t\t\t\t\t\t\t\t\t\t<div class='uagb-post__image'>\n\t\t\t\t<a href=\"https:\/\/www.camarabaixagrande.ba.gov.br\/sessoes2020\/2020\/06\/26\/26-06-2020-aloisio-souza-queiroz-pp\/\" target=\"_self\" rel=\"bookmark noopener noreferrer\"><img loading=\"lazy\" decoding=\"async\" width=\"300\" height=\"200\" src=\"https:\/\/www.camarabaixagrande.ba.gov.br\/sessoes2020\/wp-content\/uploads\/2021\/07\/aloisio-2-300x200.jpg\" class=\"attachment-medium size-medium\" alt=\"\" srcset=\"https:\/\/www.camarabaixagrande.ba.gov.br\/sessoes2020\/wp-content\/uploads\/2021\/07\/aloisio-2-300x200.jpg 300w, https:\/\/www.camarabaixagrande.ba.gov.br\/sessoes2020\/wp-content\/uploads\/2021\/07\/aloisio-2-768x512.jpg 768w, https:\/\/www.camarabaixagrande.ba.gov.br\/sessoes2020\/wp-content\/uploads\/2021\/07\/aloisio-2.jpg 886w\" sizes=\"auto, (max-width: 300px) 100vw, 300px\" \/>\t\t\t\t<\/a>\n\t\t\t<\/div>\n\t\t\t\t\t\t<div class='uagb-post__text'> \n\t\t\t\t<h5 class=\"uagb-post__title\">\n\t\t\t\t\t<a href=\"https:\/\/www.camarabaixagrande.ba.gov.br\/sessoes2020\/2020\/06\/26\/26-06-2020-aloisio-souza-queiroz-pp\/\" target=\"_self\" rel=\"bookmark noopener noreferrer\">26\/06\/2020 = Aloisio Souza Queiroz (PP)<\/a>\n\t\t\t\t<\/h5>\n\t\t\t<\/div>\n\t\t\t\t\t\t<div class='uagb-post__text'> \n\t\t\t<div class=\"uagb-post-grid-byline\">\n\t\t\t\t\t\t\t<\/div>\n\t\t\t<\/div>\n\t\t\t\t\t\t<div class='uagb-post__text'> \n\t\t\t\t<div class=\"uagb-post__cta\">\n\t\t\t\t\t<a class=\"uagb-post__link uagb-text-link\" href=\"https:\/\/www.camarabaixagrande.ba.gov.br\/sessoes2020\/2020\/06\/26\/26-06-2020-aloisio-souza-queiroz-pp\/\" target=\"_self\" rel=\"bookmark noopener noreferrer\">Ouvir \u00c1udio<\/a>\n\t\t\t\t<\/div>\n\t\t\t<\/div>\n\t\t\t\t\t\t\t\t<\/div>\n\t\t\t\t\t\t\t\t\t<\/article>\n\t\t\t\t\t\t\t\t<article >\n\t\t\t\t\t\t\t\t\t\t<div class=\"uagb-post__inner-wrap\">\n\t\t\t\t\t\t\t\t\t\t\t\t\t\t\t<div class='uagb-post__image'>\n\t\t\t\t<a href=\"https:\/\/www.camarabaixagrande.ba.gov.br\/sessoes2020\/2020\/06\/05\/05-06-2020-aloisio-souza-queiroz-pp\/\" target=\"_self\" rel=\"bookmark noopener noreferrer\"><img loading=\"lazy\" decoding=\"async\" width=\"300\" height=\"169\" src=\"https:\/\/www.camarabaixagrande.ba.gov.br\/sessoes2020\/wp-content\/uploads\/2021\/07\/aloisio-3-300x169.jpg\" class=\"attachment-medium size-medium\" alt=\"\" srcset=\"https:\/\/www.camarabaixagrande.ba.gov.br\/sessoes2020\/wp-content\/uploads\/2021\/07\/aloisio-3-300x169.jpg 300w, https:\/\/www.camarabaixagrande.ba.gov.br\/sessoes2020\/wp-content\/uploads\/2021\/07\/aloisio-3-768x433.jpg 768w, https:\/\/www.camarabaixagrande.ba.gov.br\/sessoes2020\/wp-content\/uploads\/2021\/07\/aloisio-3.jpg 847w\" sizes=\"auto, (max-width: 300px) 100vw, 300px\" \/>\t\t\t\t<\/a>\n\t\t\t<\/div>\n\t\t\t\t\t\t<div class='uagb-post__text'> \n\t\t\t\t<h5 class=\"uagb-post__title\">\n\t\t\t\t\t<a href=\"https:\/\/www.camarabaixagrande.ba.gov.br\/sessoes2020\/2020\/06\/05\/05-06-2020-aloisio-souza-queiroz-pp\/\" target=\"_self\" rel=\"bookmark noopener noreferrer\">05\/06\/2020 = Aloisio Souza Queiroz (PP)<\/a>\n\t\t\t\t<\/h5>\n\t\t\t<\/div>\n\t\t\t\t\t\t<div class='uagb-post__text'> \n\t\t\t<div class=\"uagb-post-grid-byline\">\n\t\t\t\t\t\t\t<\/div>\n\t\t\t<\/div>\n\t\t\t\t\t\t<div class='uagb-post__text'> \n\t\t\t\t<div class=\"uagb-post__cta\">\n\t\t\t\t\t<a class=\"uagb-post__link uagb-text-link\" href=\"https:\/\/www.camarabaixagrande.ba.gov.br\/sessoes2020\/2020\/06\/05\/05-06-2020-aloisio-souza-queiroz-pp\/\" target=\"_self\" rel=\"bookmark noopener noreferrer\">Ouvir \u00c1udio<\/a>\n\t\t\t\t<\/div>\n\t\t\t<\/div>\n\t\t\t\t\t\t\t\t<\/div>\n\t\t\t\t\t\t\t\t\t<\/article>\n\t\t\t\t\t\t\t\t<article >\n\t\t\t\t\t\t\t\t\t\t<div class=\"uagb-post__inner-wrap\">\n\t\t\t\t\t\t\t\t\t\t\t\t\t\t\t<div class='uagb-post__image'>\n\t\t\t\t<a href=\"https:\/\/www.camarabaixagrande.ba.gov.br\/sessoes2020\/2020\/02\/21\/21-02-2020-aloisio-souza-queiroz-mdb\/\" target=\"_self\" rel=\"bookmark noopener noreferrer\"><img loading=\"lazy\" decoding=\"async\" width=\"300\" height=\"200\" src=\"https:\/\/www.camarabaixagrande.ba.gov.br\/sessoes2020\/wp-content\/uploads\/2021\/07\/aloisio-2-300x200.jpg\" class=\"attachment-medium size-medium\" alt=\"\" srcset=\"https:\/\/www.camarabaixagrande.ba.gov.br\/sessoes2020\/wp-content\/uploads\/2021\/07\/aloisio-2-300x200.jpg 300w, https:\/\/www.camarabaixagrande.ba.gov.br\/sessoes2020\/wp-content\/uploads\/2021\/07\/aloisio-2-768x512.jpg 768w, https:\/\/www.camarabaixagrande.ba.gov.br\/sessoes2020\/wp-content\/uploads\/2021\/07\/aloisio-2.jpg 886w\" sizes=\"auto, (max-width: 300px) 100vw, 300px\" \/>\t\t\t\t<\/a>\n\t\t\t<\/div>\n\t\t\t\t\t\t<div class='uagb-post__text'> \n\t\t\t\t<h5 class=\"uagb-post__title\">\n\t\t\t\t\t<a href=\"https:\/\/www.camarabaixagrande.ba.gov.br\/sessoes2020\/2020\/02\/21\/21-02-2020-aloisio-souza-queiroz-mdb\/\" target=\"_self\" rel=\"bookmark noopener noreferrer\">21\/02\/2020 = Aloisio Souza Queiroz (MDB)<\/a>\n\t\t\t\t<\/h5>\n\t\t\t<\/div>\n\t\t\t\t\t\t<div class='uagb-post__text'> \n\t\t\t<div class=\"uagb-post-grid-byline\">\n\t\t\t\t\t\t\t<\/div>\n\t\t\t<\/div>\n\t\t\t\t\t\t<div class='uagb-post__text'> \n\t\t\t\t<div class=\"uagb-post__cta\">\n\t\t\t\t\t<a class=\"uagb-post__link uagb-text-link\" href=\"https:\/\/www.camarabaixagrande.ba.gov.br\/sessoes2020\/2020\/02\/21\/21-02-2020-aloisio-souza-queiroz-mdb\/\" target=\"_self\" rel=\"bookmark noopener noreferrer\">Ouvir \u00c1udio<\/a>\n\t\t\t\t<\/div>\n\t\t\t<\/div>\n\t\t\t\t\t\t\t\t<\/div>\n\t\t\t\t\t\t\t\t\t<\/article>\n\t\t\t\t\t\t\t\t<article >\n\t\t\t\t\t\t\t\t\t\t<div class=\"uagb-post__inner-wrap\">\n\t\t\t\t\t\t\t\t\t\t\t\t\t\t\t<div class='uagb-post__image'>\n\t\t\t\t<a href=\"https:\/\/www.camarabaixagrande.ba.gov.br\/sessoes2020\/2020\/02\/14\/14-02-2020-aloisio-souza-queiroz-mdb\/\" target=\"_self\" rel=\"bookmark noopener noreferrer\"><img loading=\"lazy\" decoding=\"async\" width=\"300\" height=\"200\" src=\"https:\/\/www.camarabaixagrande.ba.gov.br\/sessoes2020\/wp-content\/uploads\/2021\/07\/aloisio-1-300x200.jpg\" class=\"attachment-medium size-medium\" alt=\"\" srcset=\"https:\/\/www.camarabaixagrande.ba.gov.br\/sessoes2020\/wp-content\/uploads\/2021\/07\/aloisio-1-300x200.jpg 300w, https:\/\/www.camarabaixagrande.ba.gov.br\/sessoes2020\/wp-content\/uploads\/2021\/07\/aloisio-1-768x512.jpg 768w, https:\/\/www.camarabaixagrande.ba.gov.br\/sessoes2020\/wp-content\/uploads\/2021\/07\/aloisio-1.jpg 886w\" sizes=\"auto, (max-width: 300px) 100vw, 300px\" \/>\t\t\t\t<\/a>\n\t\t\t<\/div>\n\t\t\t\t\t\t<div class='uagb-post__text'> \n\t\t\t\t<h5 class=\"uagb-post__title\">\n\t\t\t\t\t<a href=\"https:\/\/www.camarabaixagrande.ba.gov.br\/sessoes2020\/2020\/02\/14\/14-02-2020-aloisio-souza-queiroz-mdb\/\" target=\"_self\" rel=\"bookmark noopener noreferrer\">14\/02\/2020 = Aloisio Souza Queiroz (MDB)<\/a>\n\t\t\t\t<\/h5>\n\t\t\t<\/div>\n\t\t\t\t\t\t<div class='uagb-post__text'> \n\t\t\t<div class=\"uagb-post-grid-byline\">\n\t\t\t\t\t\t\t<\/div>\n\t\t\t<\/div>\n\t\t\t\t\t\t<div class='uagb-post__text'> \n\t\t\t\t<div class=\"uagb-post__cta\">\n\t\t\t\t\t<a class=\"uagb-post__link uagb-text-link\" href=\"https:\/\/www.camarabaixagrande.ba.gov.br\/sessoes2020\/2020\/02\/14\/14-02-2020-aloisio-souza-queiroz-mdb\/\" target=\"_self\" rel=\"bookmark noopener noreferrer\">Ouvir \u00c1udio<\/a>\n\t\t\t\t<\/div>\n\t\t\t<\/div>\n\t\t\t\t\t\t\t\t<\/div>\n\t\t\t\t\t\t\t\t\t<\/article>\n\t\t\t\t\t\t\t\t<article >\n\t\t\t\t\t\t\t\t\t\t<div class=\"uagb-post__inner-wrap\">\n\t\t\t\t\t\t\t\t\t\t\t\t\t\t\t<div class='uagb-post__image'>\n\t\t\t\t<a href=\"https:\/\/www.camarabaixagrande.ba.gov.br\/sessoes2020\/2020\/02\/07\/07-02-2020-aloisio-souza-queiroz-mdb\/\" target=\"_self\" rel=\"bookmark noopener noreferrer\"><img loading=\"lazy\" decoding=\"async\" width=\"300\" height=\"200\" src=\"https:\/\/www.camarabaixagrande.ba.gov.br\/sessoes2020\/wp-content\/uploads\/2021\/07\/aloisio-300x200.jpg\" class=\"attachment-medium size-medium\" alt=\"\" srcset=\"https:\/\/www.camarabaixagrande.ba.gov.br\/sessoes2020\/wp-content\/uploads\/2021\/07\/aloisio-300x200.jpg 300w, https:\/\/www.camarabaixagrande.ba.gov.br\/sessoes2020\/wp-content\/uploads\/2021\/07\/aloisio-768x512.jpg 768w, https:\/\/www.camarabaixagrande.ba.gov.br\/sessoes2020\/wp-content\/uploads\/2021\/07\/aloisio.jpg 886w\" sizes=\"auto, (max-width: 300px) 100vw, 300px\" \/>\t\t\t\t<\/a>\n\t\t\t<\/div>\n\t\t\t\t\t\t<div class='uagb-post__text'> \n\t\t\t\t<h5 class=\"uagb-post__title\">\n\t\t\t\t\t<a href=\"https:\/\/www.camarabaixagrande.ba.gov.br\/sessoes2020\/2020\/02\/07\/07-02-2020-aloisio-souza-queiroz-mdb\/\" target=\"_self\" rel=\"bookmark noopener noreferrer\">07\/02\/2020 = Aloisio Souza Queiroz (MDB)<\/a>\n\t\t\t\t<\/h5>\n\t\t\t<\/div>\n\t\t\t\t\t\t<div class='uagb-post__text'> \n\t\t\t<div class=\"uagb-post-grid-byline\">\n\t\t\t\t\t\t\t<\/div>\n\t\t\t<\/div>\n\t\t\t\t\t\t<div class='uagb-post__text'> \n\t\t\t\t<div class=\"uagb-post__cta\">\n\t\t\t\t\t<a class=\"uagb-post__link uagb-text-link\" href=\"https:\/\/www.camarabaixagrande.ba.gov.br\/sessoes2020\/2020\/02\/07\/07-02-2020-aloisio-souza-queiroz-mdb\/\" target=\"_self\" rel=\"bookmark noopener noreferrer\">Ouvir \u00c1udio<\/a>\n\t\t\t\t<\/div>\n\t\t\t<\/div>\n\t\t\t\t\t\t\t\t<\/div>\n\t\t\t\t\t\t\t\t\t<\/article>\n\t\t\t\t\t\t\t\t<\/div>\n\t\t\t\t\t\t\t<\/div>\n\t\t\t<div class=\"pvc_clear\"><\/div><p class=\"pvc_stats total_only \" data-element-id=\"39\" style=\"\"><i class=\"pvc-stats-icon medium\" aria-hidden=\"true\"><svg aria-hidden=\"true\" focusable=\"false\" data-prefix=\"far\" data-icon=\"chart-bar\" role=\"img\" xmlns=\"http:\/\/www.w3.org\/2000\/svg\" viewBox=\"0 0 512 512\" class=\"svg-inline--fa fa-chart-bar fa-w-16 fa-2x\"><path fill=\"currentColor\" d=\"M396.8 352h22.4c6.4 0 12.8-6.4 12.8-12.8V108.8c0-6.4-6.4-12.8-12.8-12.8h-22.4c-6.4 0-12.8 6.4-12.8 12.8v230.4c0 6.4 6.4 12.8 12.8 12.8zm-192 0h22.4c6.4 0 12.8-6.4 12.8-12.8V140.8c0-6.4-6.4-12.8-12.8-12.8h-22.4c-6.4 0-12.8 6.4-12.8 12.8v198.4c0 6.4 6.4 12.8 12.8 12.8zm96 0h22.4c6.4 0 12.8-6.4 12.8-12.8V204.8c0-6.4-6.4-12.8-12.8-12.8h-22.4c-6.4 0-12.8 6.4-12.8 12.8v134.4c0 6.4 6.4 12.8 12.8 12.8zM496 400H48V80c0-8.84-7.16-16-16-16H16C7.16 64 0 71.16 0 80v336c0 17.67 14.33 32 32 32h464c8.84 0 16-7.16 16-16v-16c0-8.84-7.16-16-16-16zm-387.2-48h22.4c6.4 0 12.8-6.4 12.8-12.8v-70.4c0-6.4-6.4-12.8-12.8-12.8h-22.4c-6.4 0-12.8 6.4-12.8 12.8v70.4c0 6.4 6.4 12.8 12.8 12.8z\" class=\"\"><\/path><\/svg><\/i> &nbsp;1,299&nbsp;Total de reprodu\u00e7\u00e3o<\/p><div class=\"pvc_clear\"><\/div>","protected":false},"excerpt":{"rendered":"<p>&nbsp;1,299&nbsp;Total de reprodu\u00e7\u00e3o<\/p>\n<div class=\"pvc_clear\"><\/div>\n<p class=\"pvc_stats total_only \" data-element-id=\"39\" style=\"\"><i class=\"pvc-stats-icon medium\" aria-hidden=\"true\"><svg aria-hidden=\"true\" focusable=\"false\" data-prefix=\"far\" data-icon=\"chart-bar\" role=\"img\" xmlns=\"http:\/\/www.w3.org\/2000\/svg\" viewBox=\"0 0 512 512\" class=\"svg-inline--fa fa-chart-bar fa-w-16 fa-2x\"><path fill=\"currentColor\" d=\"M396.8 352h22.4c6.4 0 12.8-6.4 12.8-12.8V108.8c0-6.4-6.4-12.8-12.8-12.8h-22.4c-6.4 0-12.8 6.4-12.8 12.8v230.4c0 6.4 6.4 12.8 12.8 12.8zm-192 0h22.4c6.4 0 12.8-6.4 12.8-12.8V140.8c0-6.4-6.4-12.8-12.8-12.8h-22.4c-6.4 0-12.8 6.4-12.8 12.8v198.4c0 6.4 6.4 12.8 12.8 12.8zm96 0h22.4c6.4 0 12.8-6.4 12.8-12.8V204.8c0-6.4-6.4-12.8-12.8-12.8h-22.4c-6.4 0-12.8 6.4-12.8 12.8v134.4c0 6.4 6.4 12.8 12.8 12.8zM496 400H48V80c0-8.84-7.16-16-16-16H16C7.16 64 0 71.16 0 80v336c0 17.67 14.33 32 32 32h464c8.84 0 16-7.16 16-16v-16c0-8.84-7.16-16-16-16zm-387.2-48h22.4c6.4 0 12.8-6.4 12.8-12.8v-70.4c0-6.4-6.4-12.8-12.8-12.8h-22.4c-6.4 0-12.8 6.4-12.8 12.8v70.4c0 6.4 6.4 12.8 12.8 12.8z\" class=\"\"><\/path><\/svg><\/i> &nbsp;1,299&nbsp;Total de reprodu\u00e7\u00e3o<\/p>\n<div class=\"pvc_clear\"><\/div>\n","protected":false},"author":1,"featured_media":0,"parent":0,"menu_order":0,"comment_status":"closed","ping_status":"closed","template":"","meta":{"footnotes":""},"class_list":["post-39","page","type-page","status-publish","hentry"],"yoast_head":"<!-- This site is optimized with the Yoast SEO plugin v18.9 - https:\/\/yoast.com\/wordpress\/plugins\/seo\/ -->\n<title>Aloisio Queiroz - C\u00e2mara Municipal de Baixa Grande<\/title>\n<meta name=\"robots\" content=\"index, follow, max-snippet:-1, max-image-preview:large, max-video-preview:-1\" \/>\n<link rel=\"canonical\" href=\"https:\/\/www.camarabaixagrande.ba.gov.br\/sessoes2020\/aloisio-queiroz\/\" \/>\n<meta property=\"og:locale\" content=\"pt_BR\" \/>\n<meta property=\"og:type\" content=\"article\" \/>\n<meta property=\"og:title\" content=\"Aloisio Queiroz - C\u00e2mara Municipal de Baixa Grande\" \/>\n<meta property=\"og:description\" content=\"&nbsp;1,299&nbsp;Total de reprodu\u00e7\u00e3o\" \/>\n<meta property=\"og:url\" content=\"https:\/\/www.camarabaixagrande.ba.gov.br\/sessoes2020\/aloisio-queiroz\/\" \/>\n<meta property=\"og:site_name\" content=\"C\u00e2mara Municipal de Baixa Grande\" \/>\n<meta property=\"article:modified_time\" content=\"2021-07-12T00:31:59+00:00\" \/>\n<meta name=\"twitter:card\" content=\"summary_large_image\" \/>\n<script type=\"application\/ld+json\" class=\"yoast-schema-graph\">{\"@context\":\"https:\/\/schema.org\",\"@graph\":[{\"@type\":\"WebSite\",\"@id\":\"https:\/\/www.camarabaixagrande.ba.gov.br\/sessoes2020\/#website\",\"url\":\"https:\/\/www.camarabaixagrande.ba.gov.br\/sessoes2020\/\",\"name\":\"C\u00e2mara Municipal de Baixa Grande\",\"description\":\"\",\"potentialAction\":[{\"@type\":\"SearchAction\",\"target\":{\"@type\":\"EntryPoint\",\"urlTemplate\":\"https:\/\/www.camarabaixagrande.ba.gov.br\/sessoes2020\/?s={search_term_string}\"},\"query-input\":\"required name=search_term_string\"}],\"inLanguage\":\"pt-BR\"},{\"@type\":\"WebPage\",\"@id\":\"https:\/\/www.camarabaixagrande.ba.gov.br\/sessoes2020\/aloisio-queiroz\/#webpage\",\"url\":\"https:\/\/www.camarabaixagrande.ba.gov.br\/sessoes2020\/aloisio-queiroz\/\",\"name\":\"Aloisio Queiroz - C\u00e2mara Municipal de Baixa Grande\",\"isPartOf\":{\"@id\":\"https:\/\/www.camarabaixagrande.ba.gov.br\/sessoes2020\/#website\"},\"datePublished\":\"2021-07-11T20:12:31+00:00\",\"dateModified\":\"2021-07-12T00:31:59+00:00\",\"breadcrumb\":{\"@id\":\"https:\/\/www.camarabaixagrande.ba.gov.br\/sessoes2020\/aloisio-queiroz\/#breadcrumb\"},\"inLanguage\":\"pt-BR\",\"potentialAction\":[{\"@type\":\"ReadAction\",\"target\":[\"https:\/\/www.camarabaixagrande.ba.gov.br\/sessoes2020\/aloisio-queiroz\/\"]}]},{\"@type\":\"BreadcrumbList\",\"@id\":\"https:\/\/www.camarabaixagrande.ba.gov.br\/sessoes2020\/aloisio-queiroz\/#breadcrumb\",\"itemListElement\":[{\"@type\":\"ListItem\",\"position\":1,\"name\":\"In\u00edcio\",\"item\":\"https:\/\/www.camarabaixagrande.ba.gov.br\/sessoes2020\/\"},{\"@type\":\"ListItem\",\"position\":2,\"name\":\"Aloisio Queiroz\"}]}]}<\/script>\n<!-- \/ Yoast SEO plugin. -->","yoast_head_json":{"title":"Aloisio Queiroz - C\u00e2mara Municipal de Baixa Grande","robots":{"index":"index","follow":"follow","max-snippet":"max-snippet:-1","max-image-preview":"max-image-preview:large","max-video-preview":"max-video-preview:-1"},"canonical":"https:\/\/www.camarabaixagrande.ba.gov.br\/sessoes2020\/aloisio-queiroz\/","og_locale":"pt_BR","og_type":"article","og_title":"Aloisio Queiroz - C\u00e2mara Municipal de Baixa Grande","og_description":"&nbsp;1,299&nbsp;Total de reprodu\u00e7\u00e3o","og_url":"https:\/\/www.camarabaixagrande.ba.gov.br\/sessoes2020\/aloisio-queiroz\/","og_site_name":"C\u00e2mara Municipal de Baixa Grande","article_modified_time":"2021-07-12T00:31:59+00:00","twitter_card":"summary_large_image","schema":{"@context":"https:\/\/schema.org","@graph":[{"@type":"WebSite","@id":"https:\/\/www.camarabaixagrande.ba.gov.br\/sessoes2020\/#website","url":"https:\/\/www.camarabaixagrande.ba.gov.br\/sessoes2020\/","name":"C\u00e2mara Municipal de Baixa Grande","description":"","potentialAction":[{"@type":"SearchAction","target":{"@type":"EntryPoint","urlTemplate":"https:\/\/www.camarabaixagrande.ba.gov.br\/sessoes2020\/?s={search_term_string}"},"query-input":"required name=search_term_string"}],"inLanguage":"pt-BR"},{"@type":"WebPage","@id":"https:\/\/www.camarabaixagrande.ba.gov.br\/sessoes2020\/aloisio-queiroz\/#webpage","url":"https:\/\/www.camarabaixagrande.ba.gov.br\/sessoes2020\/aloisio-queiroz\/","name":"Aloisio Queiroz - C\u00e2mara Municipal de Baixa Grande","isPartOf":{"@id":"https:\/\/www.camarabaixagrande.ba.gov.br\/sessoes2020\/#website"},"datePublished":"2021-07-11T20:12:31+00:00","dateModified":"2021-07-12T00:31:59+00:00","breadcrumb":{"@id":"https:\/\/www.camarabaixagrande.ba.gov.br\/sessoes2020\/aloisio-queiroz\/#breadcrumb"},"inLanguage":"pt-BR","potentialAction":[{"@type":"ReadAction","target":["https:\/\/www.camarabaixagrande.ba.gov.br\/sessoes2020\/aloisio-queiroz\/"]}]},{"@type":"BreadcrumbList","@id":"https:\/\/www.camarabaixagrande.ba.gov.br\/sessoes2020\/aloisio-queiroz\/#breadcrumb","itemListElement":[{"@type":"ListItem","position":1,"name":"In\u00edcio","item":"https:\/\/www.camarabaixagrande.ba.gov.br\/sessoes2020\/"},{"@type":"ListItem","position":2,"name":"Aloisio Queiroz"}]}]}},"uagb_featured_image_src":{"full":false,"thumbnail":false,"medium":false,"medium_large":false,"large":false,"1536x1536":false,"2048x2048":false,"royale-news-thumbnail-1":false,"royale-news-thumbnail-2":false,"royale-news-thumbnail-3":false,"royale-news-thumbnail-4":false},"uagb_author_info":{"display_name":"Ediomario","author_link":"https:\/\/www.camarabaixagrande.ba.gov.br\/sessoes2020\/author\/ediomario\/"},"uagb_comment_info":0,"uagb_excerpt":"&nbsp;1,299&nbsp;Total de reprodu\u00e7\u00e3o","_links":{"self":[{"href":"https:\/\/www.camarabaixagrande.ba.gov.br\/sessoes2020\/wp-json\/wp\/v2\/pages\/39","targetHints":{"allow":["GET"]}}],"collection":[{"href":"https:\/\/www.camarabaixagrande.ba.gov.br\/sessoes2020\/wp-json\/wp\/v2\/pages"}],"about":[{"href":"https:\/\/www.camarabaixagrande.ba.gov.br\/sessoes2020\/wp-json\/wp\/v2\/types\/page"}],"author":[{"embeddable":true,"href":"https:\/\/www.camarabaixagrande.ba.gov.br\/sessoes2020\/wp-json\/wp\/v2\/users\/1"}],"replies":[{"embeddable":true,"href":"https:\/\/www.camarabaixagrande.ba.gov.br\/sessoes2020\/wp-json\/wp\/v2\/comments?post=39"}],"version-history":[{"count":3,"href":"https:\/\/www.camarabaixagrande.ba.gov.br\/sessoes2020\/wp-json\/wp\/v2\/pages\/39\/revisions"}],"predecessor-version":[{"id":143,"href":"https:\/\/www.camarabaixagrande.ba.gov.br\/sessoes2020\/wp-json\/wp\/v2\/pages\/39\/revisions\/143"}],"wp:attachment":[{"href":"https:\/\/www.camarabaixagrande.ba.gov.br\/sessoes2020\/wp-json\/wp\/v2\/media?parent=39"}],"curies":[{"name":"wp","href":"https:\/\/api.w.org\/{rel}","templated":true}]}}