{"id":41,"date":"2021-07-11T16:55:06","date_gmt":"2021-07-11T19:55:06","guid":{"rendered":"https:\/\/www.camarabaixagrande.ba.gov.br\/sessoes2020\/?page_id=41"},"modified":"2021-07-11T21:38:13","modified_gmt":"2021-07-12T00:38:13","slug":"amos-junior","status":"publish","type":"page","link":"https:\/\/www.camarabaixagrande.ba.gov.br\/sessoes2020\/amos-junior\/","title":{"rendered":"Am\u00f3s J\u00fanior"},"content":{"rendered":"\n\t\t\t<div class=\"uagb-post-grid  uagb-post__image-position-top uagb-block-1bea15de   \" data-total=\"1\">\n\n\t\t\t\t<div class=\"uagb-post__items uagb-post__columns-3 is-grid uagb-post__columns-tablet-2 uagb-post__columns-mobile-1 uagb-post__equal-height\">\n\n\t\t\t\t\t\t\t\t<article >\n\t\t\t\t\t\t\t\t\t\t<div class=\"uagb-post__inner-wrap\">\n\t\t\t\t\t\t\t\t\t\t\t\t\t\t\t<div class='uagb-post__image'>\n\t\t\t\t<a href=\"https:\/\/www.camarabaixagrande.ba.gov.br\/sessoes2020\/2020\/08\/07\/07-08-2020-amos-de-souza-borges-junior-pp\/\" target=\"_self\" rel=\"bookmark noopener noreferrer\"><img loading=\"lazy\" decoding=\"async\" width=\"300\" height=\"200\" src=\"https:\/\/www.camarabaixagrande.ba.gov.br\/sessoes2020\/wp-content\/uploads\/2021\/07\/amos-5-300x200.jpg\" class=\"attachment-medium size-medium\" alt=\"\" srcset=\"https:\/\/www.camarabaixagrande.ba.gov.br\/sessoes2020\/wp-content\/uploads\/2021\/07\/amos-5-300x200.jpg 300w, https:\/\/www.camarabaixagrande.ba.gov.br\/sessoes2020\/wp-content\/uploads\/2021\/07\/amos-5-768x512.jpg 768w, https:\/\/www.camarabaixagrande.ba.gov.br\/sessoes2020\/wp-content\/uploads\/2021\/07\/amos-5.jpg 886w\" sizes=\"auto, (max-width: 300px) 100vw, 300px\" \/>\t\t\t\t<\/a>\n\t\t\t<\/div>\n\t\t\t\t\t\t<div class='uagb-post__text'> \n\t\t\t\t<h5 class=\"uagb-post__title\">\n\t\t\t\t\t<a href=\"https:\/\/www.camarabaixagrande.ba.gov.br\/sessoes2020\/2020\/08\/07\/07-08-2020-amos-de-souza-borges-junior-pp\/\" target=\"_self\" rel=\"bookmark noopener noreferrer\">07\/08\/2020 = Am\u00f3s de Souza Borges Junior (PP)<\/a>\n\t\t\t\t<\/h5>\n\t\t\t<\/div>\n\t\t\t\t\t\t<div class='uagb-post__text'> \n\t\t\t<div class=\"uagb-post-grid-byline\">\n\t\t\t\t\t\t\t<\/div>\n\t\t\t<\/div>\n\t\t\t\t\t\t<div class='uagb-post__text'> \n\t\t\t\t<div class=\"uagb-post__cta\">\n\t\t\t\t\t<a class=\"uagb-post__link uagb-text-link\" href=\"https:\/\/www.camarabaixagrande.ba.gov.br\/sessoes2020\/2020\/08\/07\/07-08-2020-amos-de-souza-borges-junior-pp\/\" target=\"_self\" rel=\"bookmark noopener noreferrer\">Ouvir \u00c1udio<\/a>\n\t\t\t\t<\/div>\n\t\t\t<\/div>\n\t\t\t\t\t\t\t\t<\/div>\n\t\t\t\t\t\t\t\t\t<\/article>\n\t\t\t\t\t\t\t\t<article >\n\t\t\t\t\t\t\t\t\t\t<div class=\"uagb-post__inner-wrap\">\n\t\t\t\t\t\t\t\t\t\t\t\t\t\t\t<div class='uagb-post__image'>\n\t\t\t\t<a href=\"https:\/\/www.camarabaixagrande.ba.gov.br\/sessoes2020\/2020\/06\/26\/26-06-2020-amos-de-souza-borges-junior-pp\/\" target=\"_self\" rel=\"bookmark noopener noreferrer\"><img loading=\"lazy\" decoding=\"async\" width=\"300\" height=\"200\" src=\"https:\/\/www.camarabaixagrande.ba.gov.br\/sessoes2020\/wp-content\/uploads\/2021\/07\/amos-1-300x200.jpg\" class=\"attachment-medium size-medium\" alt=\"\" srcset=\"https:\/\/www.camarabaixagrande.ba.gov.br\/sessoes2020\/wp-content\/uploads\/2021\/07\/amos-1-300x200.jpg 300w, https:\/\/www.camarabaixagrande.ba.gov.br\/sessoes2020\/wp-content\/uploads\/2021\/07\/amos-1-768x512.jpg 768w, https:\/\/www.camarabaixagrande.ba.gov.br\/sessoes2020\/wp-content\/uploads\/2021\/07\/amos-1.jpg 886w\" sizes=\"auto, (max-width: 300px) 100vw, 300px\" \/>\t\t\t\t<\/a>\n\t\t\t<\/div>\n\t\t\t\t\t\t<div class='uagb-post__text'> \n\t\t\t\t<h5 class=\"uagb-post__title\">\n\t\t\t\t\t<a href=\"https:\/\/www.camarabaixagrande.ba.gov.br\/sessoes2020\/2020\/06\/26\/26-06-2020-amos-de-souza-borges-junior-pp\/\" target=\"_self\" rel=\"bookmark noopener noreferrer\">26\/06\/2020 = Am\u00f3s de Souza Borges Junior (PP)<\/a>\n\t\t\t\t<\/h5>\n\t\t\t<\/div>\n\t\t\t\t\t\t<div class='uagb-post__text'> \n\t\t\t<div class=\"uagb-post-grid-byline\">\n\t\t\t\t\t\t\t<\/div>\n\t\t\t<\/div>\n\t\t\t\t\t\t<div class='uagb-post__text'> \n\t\t\t\t<div class=\"uagb-post__cta\">\n\t\t\t\t\t<a class=\"uagb-post__link uagb-text-link\" href=\"https:\/\/www.camarabaixagrande.ba.gov.br\/sessoes2020\/2020\/06\/26\/26-06-2020-amos-de-souza-borges-junior-pp\/\" target=\"_self\" rel=\"bookmark noopener noreferrer\">Ouvir \u00c1udio<\/a>\n\t\t\t\t<\/div>\n\t\t\t<\/div>\n\t\t\t\t\t\t\t\t<\/div>\n\t\t\t\t\t\t\t\t\t<\/article>\n\t\t\t\t\t\t\t\t<article >\n\t\t\t\t\t\t\t\t\t\t<div class=\"uagb-post__inner-wrap\">\n\t\t\t\t\t\t\t\t\t\t\t\t\t\t\t<div class='uagb-post__image'>\n\t\t\t\t<a href=\"https:\/\/www.camarabaixagrande.ba.gov.br\/sessoes2020\/2020\/06\/12\/12-06-2020-amos-de-souza-borges-junior-pp\/\" target=\"_self\" rel=\"bookmark noopener noreferrer\"><img loading=\"lazy\" decoding=\"async\" width=\"300\" height=\"168\" src=\"https:\/\/www.camarabaixagrande.ba.gov.br\/sessoes2020\/wp-content\/uploads\/2021\/07\/amos-4-300x168.jpg\" class=\"attachment-medium size-medium\" alt=\"\" srcset=\"https:\/\/www.camarabaixagrande.ba.gov.br\/sessoes2020\/wp-content\/uploads\/2021\/07\/amos-4-300x168.jpg 300w, https:\/\/www.camarabaixagrande.ba.gov.br\/sessoes2020\/wp-content\/uploads\/2021\/07\/amos-4-768x430.jpg 768w, https:\/\/www.camarabaixagrande.ba.gov.br\/sessoes2020\/wp-content\/uploads\/2021\/07\/amos-4.jpg 847w\" sizes=\"auto, (max-width: 300px) 100vw, 300px\" \/>\t\t\t\t<\/a>\n\t\t\t<\/div>\n\t\t\t\t\t\t<div class='uagb-post__text'> \n\t\t\t\t<h5 class=\"uagb-post__title\">\n\t\t\t\t\t<a href=\"https:\/\/www.camarabaixagrande.ba.gov.br\/sessoes2020\/2020\/06\/12\/12-06-2020-amos-de-souza-borges-junior-pp\/\" target=\"_self\" rel=\"bookmark noopener noreferrer\">12\/06\/2020 = Am\u00f3s de Souza Borges Junior (PP)<\/a>\n\t\t\t\t<\/h5>\n\t\t\t<\/div>\n\t\t\t\t\t\t<div class='uagb-post__text'> \n\t\t\t<div class=\"uagb-post-grid-byline\">\n\t\t\t\t\t\t\t<\/div>\n\t\t\t<\/div>\n\t\t\t\t\t\t<div class='uagb-post__text'> \n\t\t\t\t<div class=\"uagb-post__cta\">\n\t\t\t\t\t<a class=\"uagb-post__link uagb-text-link\" href=\"https:\/\/www.camarabaixagrande.ba.gov.br\/sessoes2020\/2020\/06\/12\/12-06-2020-amos-de-souza-borges-junior-pp\/\" target=\"_self\" rel=\"bookmark noopener noreferrer\">Ouvir \u00c1udio<\/a>\n\t\t\t\t<\/div>\n\t\t\t<\/div>\n\t\t\t\t\t\t\t\t<\/div>\n\t\t\t\t\t\t\t\t\t<\/article>\n\t\t\t\t\t\t\t\t<article >\n\t\t\t\t\t\t\t\t\t\t<div class=\"uagb-post__inner-wrap\">\n\t\t\t\t\t\t\t\t\t\t\t\t\t\t\t<div class='uagb-post__image'>\n\t\t\t\t<a href=\"https:\/\/www.camarabaixagrande.ba.gov.br\/sessoes2020\/2020\/06\/05\/05-06-2020-amos-de-souza-borges-junior-pp\/\" target=\"_self\" rel=\"bookmark noopener noreferrer\"><img loading=\"lazy\" decoding=\"async\" width=\"300\" height=\"168\" src=\"https:\/\/www.camarabaixagrande.ba.gov.br\/sessoes2020\/wp-content\/uploads\/2021\/07\/amos-3-300x168.jpg\" class=\"attachment-medium size-medium\" alt=\"\" srcset=\"https:\/\/www.camarabaixagrande.ba.gov.br\/sessoes2020\/wp-content\/uploads\/2021\/07\/amos-3-300x168.jpg 300w, https:\/\/www.camarabaixagrande.ba.gov.br\/sessoes2020\/wp-content\/uploads\/2021\/07\/amos-3-768x430.jpg 768w, https:\/\/www.camarabaixagrande.ba.gov.br\/sessoes2020\/wp-content\/uploads\/2021\/07\/amos-3.jpg 847w\" sizes=\"auto, (max-width: 300px) 100vw, 300px\" \/>\t\t\t\t<\/a>\n\t\t\t<\/div>\n\t\t\t\t\t\t<div class='uagb-post__text'> \n\t\t\t\t<h5 class=\"uagb-post__title\">\n\t\t\t\t\t<a href=\"https:\/\/www.camarabaixagrande.ba.gov.br\/sessoes2020\/2020\/06\/05\/05-06-2020-amos-de-souza-borges-junior-pp\/\" target=\"_self\" rel=\"bookmark noopener noreferrer\">05\/06\/2020 = Am\u00f3s de Souza Borges Junior (PP)<\/a>\n\t\t\t\t<\/h5>\n\t\t\t<\/div>\n\t\t\t\t\t\t<div class='uagb-post__text'> \n\t\t\t<div class=\"uagb-post-grid-byline\">\n\t\t\t\t\t\t\t<\/div>\n\t\t\t<\/div>\n\t\t\t\t\t\t<div class='uagb-post__text'> \n\t\t\t\t<div class=\"uagb-post__cta\">\n\t\t\t\t\t<a class=\"uagb-post__link uagb-text-link\" href=\"https:\/\/www.camarabaixagrande.ba.gov.br\/sessoes2020\/2020\/06\/05\/05-06-2020-amos-de-souza-borges-junior-pp\/\" target=\"_self\" rel=\"bookmark noopener noreferrer\">Ouvir \u00c1udio<\/a>\n\t\t\t\t<\/div>\n\t\t\t<\/div>\n\t\t\t\t\t\t\t\t<\/div>\n\t\t\t\t\t\t\t\t\t<\/article>\n\t\t\t\t\t\t\t\t<article >\n\t\t\t\t\t\t\t\t\t\t<div class=\"uagb-post__inner-wrap\">\n\t\t\t\t\t\t\t\t\t\t\t\t\t\t\t<div class='uagb-post__image'>\n\t\t\t\t<a href=\"https:\/\/www.camarabaixagrande.ba.gov.br\/sessoes2020\/2020\/03\/13\/13-03-2020-amos-de-souza-borges-junior\/\" target=\"_self\" rel=\"bookmark noopener noreferrer\"><img loading=\"lazy\" decoding=\"async\" width=\"300\" height=\"200\" src=\"https:\/\/www.camarabaixagrande.ba.gov.br\/sessoes2020\/wp-content\/uploads\/2021\/07\/amos-2-300x200.jpg\" class=\"attachment-medium size-medium\" alt=\"\" srcset=\"https:\/\/www.camarabaixagrande.ba.gov.br\/sessoes2020\/wp-content\/uploads\/2021\/07\/amos-2-300x200.jpg 300w, https:\/\/www.camarabaixagrande.ba.gov.br\/sessoes2020\/wp-content\/uploads\/2021\/07\/amos-2-768x512.jpg 768w, https:\/\/www.camarabaixagrande.ba.gov.br\/sessoes2020\/wp-content\/uploads\/2021\/07\/amos-2.jpg 886w\" sizes=\"auto, (max-width: 300px) 100vw, 300px\" \/>\t\t\t\t<\/a>\n\t\t\t<\/div>\n\t\t\t\t\t\t<div class='uagb-post__text'> \n\t\t\t\t<h5 class=\"uagb-post__title\">\n\t\t\t\t\t<a href=\"https:\/\/www.camarabaixagrande.ba.gov.br\/sessoes2020\/2020\/03\/13\/13-03-2020-amos-de-souza-borges-junior\/\" target=\"_self\" rel=\"bookmark noopener noreferrer\">13\/03\/2020 = Am\u00f3s de Souza Borges Junior<\/a>\n\t\t\t\t<\/h5>\n\t\t\t<\/div>\n\t\t\t\t\t\t<div class='uagb-post__text'> \n\t\t\t<div class=\"uagb-post-grid-byline\">\n\t\t\t\t\t\t\t<\/div>\n\t\t\t<\/div>\n\t\t\t\t\t\t<div class='uagb-post__text'> \n\t\t\t\t<div class=\"uagb-post__cta\">\n\t\t\t\t\t<a class=\"uagb-post__link uagb-text-link\" href=\"https:\/\/www.camarabaixagrande.ba.gov.br\/sessoes2020\/2020\/03\/13\/13-03-2020-amos-de-souza-borges-junior\/\" target=\"_self\" rel=\"bookmark noopener noreferrer\">Ouvir \u00c1udio<\/a>\n\t\t\t\t<\/div>\n\t\t\t<\/div>\n\t\t\t\t\t\t\t\t<\/div>\n\t\t\t\t\t\t\t\t\t<\/article>\n\t\t\t\t\t\t\t\t<article >\n\t\t\t\t\t\t\t\t\t\t<div class=\"uagb-post__inner-wrap\">\n\t\t\t\t\t\t\t\t\t\t\t\t\t\t\t<div class='uagb-post__image'>\n\t\t\t\t<a href=\"https:\/\/www.camarabaixagrande.ba.gov.br\/sessoes2020\/2020\/03\/06\/06-03-2020-amos-de-souza-borges-junior-pv\/\" target=\"_self\" rel=\"bookmark noopener noreferrer\"><img loading=\"lazy\" decoding=\"async\" width=\"300\" height=\"200\" src=\"https:\/\/www.camarabaixagrande.ba.gov.br\/sessoes2020\/wp-content\/uploads\/2021\/07\/amos-1-300x200.jpg\" class=\"attachment-medium size-medium\" alt=\"\" srcset=\"https:\/\/www.camarabaixagrande.ba.gov.br\/sessoes2020\/wp-content\/uploads\/2021\/07\/amos-1-300x200.jpg 300w, https:\/\/www.camarabaixagrande.ba.gov.br\/sessoes2020\/wp-content\/uploads\/2021\/07\/amos-1-768x512.jpg 768w, https:\/\/www.camarabaixagrande.ba.gov.br\/sessoes2020\/wp-content\/uploads\/2021\/07\/amos-1.jpg 886w\" sizes=\"auto, (max-width: 300px) 100vw, 300px\" \/>\t\t\t\t<\/a>\n\t\t\t<\/div>\n\t\t\t\t\t\t<div class='uagb-post__text'> \n\t\t\t\t<h5 class=\"uagb-post__title\">\n\t\t\t\t\t<a href=\"https:\/\/www.camarabaixagrande.ba.gov.br\/sessoes2020\/2020\/03\/06\/06-03-2020-amos-de-souza-borges-junior-pv\/\" target=\"_self\" rel=\"bookmark noopener noreferrer\">06\/03\/2020 = Am\u00f3s de Souza Borges Junior (PV)<\/a>\n\t\t\t\t<\/h5>\n\t\t\t<\/div>\n\t\t\t\t\t\t<div class='uagb-post__text'> \n\t\t\t<div class=\"uagb-post-grid-byline\">\n\t\t\t\t\t\t\t<\/div>\n\t\t\t<\/div>\n\t\t\t\t\t\t<div class='uagb-post__text'> \n\t\t\t\t<div class=\"uagb-post__cta\">\n\t\t\t\t\t<a class=\"uagb-post__link uagb-text-link\" href=\"https:\/\/www.camarabaixagrande.ba.gov.br\/sessoes2020\/2020\/03\/06\/06-03-2020-amos-de-souza-borges-junior-pv\/\" target=\"_self\" rel=\"bookmark noopener noreferrer\">Ouvir \u00c1udio<\/a>\n\t\t\t\t<\/div>\n\t\t\t<\/div>\n\t\t\t\t\t\t\t\t<\/div>\n\t\t\t\t\t\t\t\t\t<\/article>\n\t\t\t\t\t\t\t\t<article >\n\t\t\t\t\t\t\t\t\t\t<div class=\"uagb-post__inner-wrap\">\n\t\t\t\t\t\t\t\t\t\t\t\t\t\t\t<div class='uagb-post__image'>\n\t\t\t\t<a href=\"https:\/\/www.camarabaixagrande.ba.gov.br\/sessoes2020\/2020\/02\/28\/28-02-2020-mensagem-final\/\" target=\"_self\" rel=\"bookmark noopener noreferrer\"><img loading=\"lazy\" decoding=\"async\" width=\"300\" height=\"200\" src=\"https:\/\/www.camarabaixagrande.ba.gov.br\/sessoes2020\/wp-content\/uploads\/2021\/07\/final-2-300x200.jpg\" class=\"attachment-medium size-medium\" alt=\"\" srcset=\"https:\/\/www.camarabaixagrande.ba.gov.br\/sessoes2020\/wp-content\/uploads\/2021\/07\/final-2-300x200.jpg 300w, https:\/\/www.camarabaixagrande.ba.gov.br\/sessoes2020\/wp-content\/uploads\/2021\/07\/final-2-768x512.jpg 768w, https:\/\/www.camarabaixagrande.ba.gov.br\/sessoes2020\/wp-content\/uploads\/2021\/07\/final-2.jpg 886w\" sizes=\"auto, (max-width: 300px) 100vw, 300px\" \/>\t\t\t\t<\/a>\n\t\t\t<\/div>\n\t\t\t\t\t\t<div class='uagb-post__text'> \n\t\t\t\t<h5 class=\"uagb-post__title\">\n\t\t\t\t\t<a href=\"https:\/\/www.camarabaixagrande.ba.gov.br\/sessoes2020\/2020\/02\/28\/28-02-2020-mensagem-final\/\" target=\"_self\" rel=\"bookmark noopener noreferrer\">28\/02\/2020 = Mensagem Final<\/a>\n\t\t\t\t<\/h5>\n\t\t\t<\/div>\n\t\t\t\t\t\t<div class='uagb-post__text'> \n\t\t\t<div class=\"uagb-post-grid-byline\">\n\t\t\t\t\t\t\t<\/div>\n\t\t\t<\/div>\n\t\t\t\t\t\t<div class='uagb-post__text'> \n\t\t\t\t<div class=\"uagb-post__cta\">\n\t\t\t\t\t<a class=\"uagb-post__link uagb-text-link\" href=\"https:\/\/www.camarabaixagrande.ba.gov.br\/sessoes2020\/2020\/02\/28\/28-02-2020-mensagem-final\/\" target=\"_self\" rel=\"bookmark noopener noreferrer\">Ouvir \u00c1udio<\/a>\n\t\t\t\t<\/div>\n\t\t\t<\/div>\n\t\t\t\t\t\t\t\t<\/div>\n\t\t\t\t\t\t\t\t\t<\/article>\n\t\t\t\t\t\t\t\t<article >\n\t\t\t\t\t\t\t\t\t\t<div class=\"uagb-post__inner-wrap\">\n\t\t\t\t\t\t\t\t\t\t\t\t\t\t\t<div class='uagb-post__image'>\n\t\t\t\t<a href=\"https:\/\/www.camarabaixagrande.ba.gov.br\/sessoes2020\/2020\/02\/21\/21-02-2020-mensagem-final\/\" target=\"_self\" rel=\"bookmark noopener noreferrer\"><img loading=\"lazy\" decoding=\"async\" width=\"300\" height=\"188\" src=\"https:\/\/www.camarabaixagrande.ba.gov.br\/sessoes2020\/wp-content\/uploads\/2021\/07\/final-1-300x188.jpg\" class=\"attachment-medium size-medium\" alt=\"\" srcset=\"https:\/\/www.camarabaixagrande.ba.gov.br\/sessoes2020\/wp-content\/uploads\/2021\/07\/final-1-300x188.jpg 300w, https:\/\/www.camarabaixagrande.ba.gov.br\/sessoes2020\/wp-content\/uploads\/2021\/07\/final-1-1024x642.jpg 1024w, https:\/\/www.camarabaixagrande.ba.gov.br\/sessoes2020\/wp-content\/uploads\/2021\/07\/final-1-768x481.jpg 768w, https:\/\/www.camarabaixagrande.ba.gov.br\/sessoes2020\/wp-content\/uploads\/2021\/07\/final-1.jpg 1181w\" sizes=\"auto, (max-width: 300px) 100vw, 300px\" \/>\t\t\t\t<\/a>\n\t\t\t<\/div>\n\t\t\t\t\t\t<div class='uagb-post__text'> \n\t\t\t\t<h5 class=\"uagb-post__title\">\n\t\t\t\t\t<a href=\"https:\/\/www.camarabaixagrande.ba.gov.br\/sessoes2020\/2020\/02\/21\/21-02-2020-mensagem-final\/\" target=\"_self\" rel=\"bookmark noopener noreferrer\">21\/02\/2020 = Mensagem Final<\/a>\n\t\t\t\t<\/h5>\n\t\t\t<\/div>\n\t\t\t\t\t\t<div class='uagb-post__text'> \n\t\t\t<div class=\"uagb-post-grid-byline\">\n\t\t\t\t\t\t\t<\/div>\n\t\t\t<\/div>\n\t\t\t\t\t\t<div class='uagb-post__text'> \n\t\t\t\t<div class=\"uagb-post__cta\">\n\t\t\t\t\t<a class=\"uagb-post__link uagb-text-link\" href=\"https:\/\/www.camarabaixagrande.ba.gov.br\/sessoes2020\/2020\/02\/21\/21-02-2020-mensagem-final\/\" target=\"_self\" rel=\"bookmark noopener noreferrer\">Ouvir \u00c1udio<\/a>\n\t\t\t\t<\/div>\n\t\t\t<\/div>\n\t\t\t\t\t\t\t\t<\/div>\n\t\t\t\t\t\t\t\t\t<\/article>\n\t\t\t\t\t\t\t\t<article >\n\t\t\t\t\t\t\t\t\t\t<div class=\"uagb-post__inner-wrap\">\n\t\t\t\t\t\t\t\t\t\t\t\t\t\t\t<div class='uagb-post__image'>\n\t\t\t\t<a href=\"https:\/\/www.camarabaixagrande.ba.gov.br\/sessoes2020\/2020\/02\/14\/14-02-2020-mensagem-final\/\" target=\"_self\" rel=\"bookmark noopener noreferrer\"><img loading=\"lazy\" decoding=\"async\" width=\"300\" height=\"200\" src=\"https:\/\/www.camarabaixagrande.ba.gov.br\/sessoes2020\/wp-content\/uploads\/2021\/07\/final-300x200.jpg\" class=\"attachment-medium size-medium\" alt=\"\" srcset=\"https:\/\/www.camarabaixagrande.ba.gov.br\/sessoes2020\/wp-content\/uploads\/2021\/07\/final-300x200.jpg 300w, https:\/\/www.camarabaixagrande.ba.gov.br\/sessoes2020\/wp-content\/uploads\/2021\/07\/final-768x512.jpg 768w, https:\/\/www.camarabaixagrande.ba.gov.br\/sessoes2020\/wp-content\/uploads\/2021\/07\/final.jpg 886w\" sizes=\"auto, (max-width: 300px) 100vw, 300px\" \/>\t\t\t\t<\/a>\n\t\t\t<\/div>\n\t\t\t\t\t\t<div class='uagb-post__text'> \n\t\t\t\t<h5 class=\"uagb-post__title\">\n\t\t\t\t\t<a href=\"https:\/\/www.camarabaixagrande.ba.gov.br\/sessoes2020\/2020\/02\/14\/14-02-2020-mensagem-final\/\" target=\"_self\" rel=\"bookmark noopener noreferrer\">14\/02\/2020 = Mensagem Final<\/a>\n\t\t\t\t<\/h5>\n\t\t\t<\/div>\n\t\t\t\t\t\t<div class='uagb-post__text'> \n\t\t\t<div class=\"uagb-post-grid-byline\">\n\t\t\t\t\t\t\t<\/div>\n\t\t\t<\/div>\n\t\t\t\t\t\t<div class='uagb-post__text'> \n\t\t\t\t<div class=\"uagb-post__cta\">\n\t\t\t\t\t<a class=\"uagb-post__link uagb-text-link\" href=\"https:\/\/www.camarabaixagrande.ba.gov.br\/sessoes2020\/2020\/02\/14\/14-02-2020-mensagem-final\/\" target=\"_self\" rel=\"bookmark noopener noreferrer\">Ouvir \u00c1udio<\/a>\n\t\t\t\t<\/div>\n\t\t\t<\/div>\n\t\t\t\t\t\t\t\t<\/div>\n\t\t\t\t\t\t\t\t\t<\/article>\n\t\t\t\t\t\t\t\t<article >\n\t\t\t\t\t\t\t\t\t\t<div class=\"uagb-post__inner-wrap\">\n\t\t\t\t\t\t\t\t\t\t\t\t\t\t\t<div class='uagb-post__image'>\n\t\t\t\t<a href=\"https:\/\/www.camarabaixagrande.ba.gov.br\/sessoes2020\/2020\/02\/07\/07-02-2020-amos-de-souza-borges-junior-pv\/\" target=\"_self\" rel=\"bookmark noopener noreferrer\"><img loading=\"lazy\" decoding=\"async\" width=\"300\" height=\"200\" src=\"https:\/\/www.camarabaixagrande.ba.gov.br\/sessoes2020\/wp-content\/uploads\/2021\/07\/amos-300x200.jpg\" class=\"attachment-medium size-medium\" alt=\"\" srcset=\"https:\/\/www.camarabaixagrande.ba.gov.br\/sessoes2020\/wp-content\/uploads\/2021\/07\/amos-300x200.jpg 300w, https:\/\/www.camarabaixagrande.ba.gov.br\/sessoes2020\/wp-content\/uploads\/2021\/07\/amos-768x512.jpg 768w, https:\/\/www.camarabaixagrande.ba.gov.br\/sessoes2020\/wp-content\/uploads\/2021\/07\/amos.jpg 886w\" sizes=\"auto, (max-width: 300px) 100vw, 300px\" \/>\t\t\t\t<\/a>\n\t\t\t<\/div>\n\t\t\t\t\t\t<div class='uagb-post__text'> \n\t\t\t\t<h5 class=\"uagb-post__title\">\n\t\t\t\t\t<a href=\"https:\/\/www.camarabaixagrande.ba.gov.br\/sessoes2020\/2020\/02\/07\/07-02-2020-amos-de-souza-borges-junior-pv\/\" target=\"_self\" rel=\"bookmark noopener noreferrer\">07\/02\/2020 = Am\u00f3s de Souza Borges Junior (PV)<\/a>\n\t\t\t\t<\/h5>\n\t\t\t<\/div>\n\t\t\t\t\t\t<div class='uagb-post__text'> \n\t\t\t<div class=\"uagb-post-grid-byline\">\n\t\t\t\t\t\t\t<\/div>\n\t\t\t<\/div>\n\t\t\t\t\t\t<div class='uagb-post__text'> \n\t\t\t\t<div class=\"uagb-post__cta\">\n\t\t\t\t\t<a class=\"uagb-post__link uagb-text-link\" href=\"https:\/\/www.camarabaixagrande.ba.gov.br\/sessoes2020\/2020\/02\/07\/07-02-2020-amos-de-souza-borges-junior-pv\/\" target=\"_self\" rel=\"bookmark noopener noreferrer\">Ouvir \u00c1udio<\/a>\n\t\t\t\t<\/div>\n\t\t\t<\/div>\n\t\t\t\t\t\t\t\t<\/div>\n\t\t\t\t\t\t\t\t\t<\/article>\n\t\t\t\t\t\t\t\t<\/div>\n\t\t\t\t\t\t\t<\/div>\n\t\t\t","protected":false},"excerpt":{"rendered":"","protected":false},"author":1,"featured_media":0,"parent":0,"menu_order":0,"comment_status":"closed","ping_status":"closed","template":"","meta":{"footnotes":""},"class_list":["post-41","page","type-page","status-publish","hentry"],"yoast_head":"<!-- This site is optimized with the Yoast SEO plugin v18.9 - https:\/\/yoast.com\/wordpress\/plugins\/seo\/ -->\n<title>Am\u00f3s J\u00fanior - C\u00e2mara Municipal de Baixa Grande<\/title>\n<meta name=\"robots\" content=\"index, follow, max-snippet:-1, max-image-preview:large, max-video-preview:-1\" \/>\n<link rel=\"canonical\" href=\"https:\/\/www.camarabaixagrande.ba.gov.br\/sessoes2020\/amos-junior\/\" \/>\n<meta property=\"og:locale\" content=\"pt_BR\" \/>\n<meta property=\"og:type\" content=\"article\" \/>\n<meta property=\"og:title\" content=\"Am\u00f3s J\u00fanior - C\u00e2mara Municipal de Baixa Grande\" \/>\n<meta property=\"og:url\" content=\"https:\/\/www.camarabaixagrande.ba.gov.br\/sessoes2020\/amos-junior\/\" \/>\n<meta property=\"og:site_name\" content=\"C\u00e2mara Municipal de Baixa Grande\" \/>\n<meta property=\"article:modified_time\" content=\"2021-07-12T00:38:13+00:00\" \/>\n<meta name=\"twitter:card\" content=\"summary_large_image\" \/>\n<script type=\"application\/ld+json\" class=\"yoast-schema-graph\">{\"@context\":\"https:\/\/schema.org\",\"@graph\":[{\"@type\":\"WebSite\",\"@id\":\"https:\/\/www.camarabaixagrande.ba.gov.br\/sessoes2020\/#website\",\"url\":\"https:\/\/www.camarabaixagrande.ba.gov.br\/sessoes2020\/\",\"name\":\"C\u00e2mara Municipal de Baixa Grande\",\"description\":\"\",\"potentialAction\":[{\"@type\":\"SearchAction\",\"target\":{\"@type\":\"EntryPoint\",\"urlTemplate\":\"https:\/\/www.camarabaixagrande.ba.gov.br\/sessoes2020\/?s={search_term_string}\"},\"query-input\":\"required name=search_term_string\"}],\"inLanguage\":\"pt-BR\"},{\"@type\":\"WebPage\",\"@id\":\"https:\/\/www.camarabaixagrande.ba.gov.br\/sessoes2020\/amos-junior\/#webpage\",\"url\":\"https:\/\/www.camarabaixagrande.ba.gov.br\/sessoes2020\/amos-junior\/\",\"name\":\"Am\u00f3s J\u00fanior - C\u00e2mara Municipal de Baixa Grande\",\"isPartOf\":{\"@id\":\"https:\/\/www.camarabaixagrande.ba.gov.br\/sessoes2020\/#website\"},\"datePublished\":\"2021-07-11T19:55:06+00:00\",\"dateModified\":\"2021-07-12T00:38:13+00:00\",\"breadcrumb\":{\"@id\":\"https:\/\/www.camarabaixagrande.ba.gov.br\/sessoes2020\/amos-junior\/#breadcrumb\"},\"inLanguage\":\"pt-BR\",\"potentialAction\":[{\"@type\":\"ReadAction\",\"target\":[\"https:\/\/www.camarabaixagrande.ba.gov.br\/sessoes2020\/amos-junior\/\"]}]},{\"@type\":\"BreadcrumbList\",\"@id\":\"https:\/\/www.camarabaixagrande.ba.gov.br\/sessoes2020\/amos-junior\/#breadcrumb\",\"itemListElement\":[{\"@type\":\"ListItem\",\"position\":1,\"name\":\"In\u00edcio\",\"item\":\"https:\/\/www.camarabaixagrande.ba.gov.br\/sessoes2020\/\"},{\"@type\":\"ListItem\",\"position\":2,\"name\":\"Am\u00f3s J\u00fanior\"}]}]}<\/script>\n<!-- \/ Yoast SEO plugin. -->","yoast_head_json":{"title":"Am\u00f3s J\u00fanior - C\u00e2mara Municipal de Baixa Grande","robots":{"index":"index","follow":"follow","max-snippet":"max-snippet:-1","max-image-preview":"max-image-preview:large","max-video-preview":"max-video-preview:-1"},"canonical":"https:\/\/www.camarabaixagrande.ba.gov.br\/sessoes2020\/amos-junior\/","og_locale":"pt_BR","og_type":"article","og_title":"Am\u00f3s J\u00fanior - C\u00e2mara Municipal de Baixa Grande","og_url":"https:\/\/www.camarabaixagrande.ba.gov.br\/sessoes2020\/amos-junior\/","og_site_name":"C\u00e2mara Municipal de Baixa Grande","article_modified_time":"2021-07-12T00:38:13+00:00","twitter_card":"summary_large_image","schema":{"@context":"https:\/\/schema.org","@graph":[{"@type":"WebSite","@id":"https:\/\/www.camarabaixagrande.ba.gov.br\/sessoes2020\/#website","url":"https:\/\/www.camarabaixagrande.ba.gov.br\/sessoes2020\/","name":"C\u00e2mara Municipal de Baixa Grande","description":"","potentialAction":[{"@type":"SearchAction","target":{"@type":"EntryPoint","urlTemplate":"https:\/\/www.camarabaixagrande.ba.gov.br\/sessoes2020\/?s={search_term_string}"},"query-input":"required name=search_term_string"}],"inLanguage":"pt-BR"},{"@type":"WebPage","@id":"https:\/\/www.camarabaixagrande.ba.gov.br\/sessoes2020\/amos-junior\/#webpage","url":"https:\/\/www.camarabaixagrande.ba.gov.br\/sessoes2020\/amos-junior\/","name":"Am\u00f3s J\u00fanior - C\u00e2mara Municipal de Baixa Grande","isPartOf":{"@id":"https:\/\/www.camarabaixagrande.ba.gov.br\/sessoes2020\/#website"},"datePublished":"2021-07-11T19:55:06+00:00","dateModified":"2021-07-12T00:38:13+00:00","breadcrumb":{"@id":"https:\/\/www.camarabaixagrande.ba.gov.br\/sessoes2020\/amos-junior\/#breadcrumb"},"inLanguage":"pt-BR","potentialAction":[{"@type":"ReadAction","target":["https:\/\/www.camarabaixagrande.ba.gov.br\/sessoes2020\/amos-junior\/"]}]},{"@type":"BreadcrumbList","@id":"https:\/\/www.camarabaixagrande.ba.gov.br\/sessoes2020\/amos-junior\/#breadcrumb","itemListElement":[{"@type":"ListItem","position":1,"name":"In\u00edcio","item":"https:\/\/www.camarabaixagrande.ba.gov.br\/sessoes2020\/"},{"@type":"ListItem","position":2,"name":"Am\u00f3s J\u00fanior"}]}]}},"uagb_featured_image_src":{"full":false,"thumbnail":false,"medium":false,"medium_large":false,"large":false,"1536x1536":false,"2048x2048":false,"royale-news-thumbnail-1":false,"royale-news-thumbnail-2":false,"royale-news-thumbnail-3":false,"royale-news-thumbnail-4":false},"uagb_author_info":{"display_name":"Ediomario","author_link":"https:\/\/www.camarabaixagrande.ba.gov.br\/sessoes2020\/author\/ediomario\/"},"uagb_comment_info":0,"uagb_excerpt":null,"_links":{"self":[{"href":"https:\/\/www.camarabaixagrande.ba.gov.br\/sessoes2020\/wp-json\/wp\/v2\/pages\/41","targetHints":{"allow":["GET"]}}],"collection":[{"href":"https:\/\/www.camarabaixagrande.ba.gov.br\/sessoes2020\/wp-json\/wp\/v2\/pages"}],"about":[{"href":"https:\/\/www.camarabaixagrande.ba.gov.br\/sessoes2020\/wp-json\/wp\/v2\/types\/page"}],"author":[{"embeddable":true,"href":"https:\/\/www.camarabaixagrande.ba.gov.br\/sessoes2020\/wp-json\/wp\/v2\/users\/1"}],"replies":[{"embeddable":true,"href":"https:\/\/www.camarabaixagrande.ba.gov.br\/sessoes2020\/wp-json\/wp\/v2\/comments?post=41"}],"version-history":[{"count":4,"href":"https:\/\/www.camarabaixagrande.ba.gov.br\/sessoes2020\/wp-json\/wp\/v2\/pages\/41\/revisions"}],"predecessor-version":[{"id":90,"href":"https:\/\/www.camarabaixagrande.ba.gov.br\/sessoes2020\/wp-json\/wp\/v2\/pages\/41\/revisions\/90"}],"wp:attachment":[{"href":"https:\/\/www.camarabaixagrande.ba.gov.br\/sessoes2020\/wp-json\/wp\/v2\/media?parent=41"}],"curies":[{"name":"wp","href":"https:\/\/api.w.org\/{rel}","templated":true}]}}