{"id":301,"date":"2021-07-10T13:38:18","date_gmt":"2021-07-10T16:38:18","guid":{"rendered":"https:\/\/www.camarabaixagrande.ba.gov.br\/sessoes2021\/?page_id=301"},"modified":"2021-07-11T17:32:27","modified_gmt":"2021-07-11T20:32:27","slug":"almiro-rios","status":"publish","type":"page","link":"https:\/\/www.camarabaixagrande.ba.gov.br\/sessoes2021\/almiro-rios\/","title":{"rendered":"Almiro Rios"},"content":{"rendered":"\n\t\t\t<div class=\"wp-block-uagb-post-grid uagb-post-grid  uagb-post__image-position-top uagb-post__image-enabled uagb-block-eefc8acb     uagb-post__items uagb-post__columns-3 is-grid uagb-post__columns-tablet-2 uagb-post__columns-mobile-1 uagb-post__equal-height\"\n\t\t\t\tdata-total=\"6\"\n\t\t\t\tstyle=\"\"\n\t\t\t>\n\n\t\t\t\t\t\t\t\t\t\t\t\t<article class=\"uagb-post__inner-wrap\">\t\t\t\t\t\t\t\t<div class='uagb-post__image'>\n\t\t\t\t\t\t\t\t\t<a href=\"https:\/\/www.camarabaixagrande.ba.gov.br\/sessoes2021\/2022\/12\/10\/vereador-almiro-oliveira-rios-pt-09-de-dezembro-de-2022\/\" target=\"_self\" rel=\"bookmark noopener noreferrer\" class='uagb-image-ratio-inherit'><img loading=\"lazy\" decoding=\"async\" width=\"886\" height=\"591\" src=\"https:\/\/www.camarabaixagrande.ba.gov.br\/sessoes2021\/wp-content\/uploads\/2022\/12\/almiro-1.jpg\" class=\"attachment-large size-large\" alt=\"\" srcset=\"https:\/\/www.camarabaixagrande.ba.gov.br\/sessoes2021\/wp-content\/uploads\/2022\/12\/almiro-1.jpg 886w, https:\/\/www.camarabaixagrande.ba.gov.br\/sessoes2021\/wp-content\/uploads\/2022\/12\/almiro-1-300x200.jpg 300w, https:\/\/www.camarabaixagrande.ba.gov.br\/sessoes2021\/wp-content\/uploads\/2022\/12\/almiro-1-768x512.jpg 768w\" sizes=\"auto, (max-width: 886px) 100vw, 886px\" \/>\t\t\t\t\t<\/a>\n\t\t\t\t\t\t\t<\/div>\n\t\t\t\t\t\t<h5 class=\"uagb-post__title uagb-post__text\">\n\t\t\t\t<a href=\"https:\/\/www.camarabaixagrande.ba.gov.br\/sessoes2021\/2022\/12\/10\/vereador-almiro-oliveira-rios-pt-09-de-dezembro-de-2022\/\" target=\"_self\" rel=\"bookmark noopener noreferrer\">Vereador Almiro Oliveira Rios (PT), 09 de dezembro de 2022<\/a>\n\t\t\t<\/h5>\n\t\t\t\t\t\t<div class='uagb-post__text uagb-post-grid-byline'>\n\t\t\t\t\t\t\t<\/div>\n\t\t\t\t\t\t<div class=\"uagb-post__text uagb-post__cta wp-block-button\">\n\t\t\t\t<a class=\"wp-block-button__link uagb-text-link\" href=\"https:\/\/www.camarabaixagrande.ba.gov.br\/sessoes2021\/2022\/12\/10\/vereador-almiro-oliveira-rios-pt-09-de-dezembro-de-2022\/\" target=\"_self\" rel=\"bookmark noopener noreferrer\">Ouvir \u00c1udio<\/a>\n\t\t\t<\/div>\n\t\t\t\t\t\t\t\t\t\t\t\t<\/article>\n\t\t\t\t\t\t\t\t\t\t\t\t\t\t\t\t<article class=\"uagb-post__inner-wrap\">\t\t\t\t\t\t\t\t<div class='uagb-post__image'>\n\t\t\t\t\t\t\t\t\t<a href=\"https:\/\/www.camarabaixagrande.ba.gov.br\/sessoes2021\/2022\/12\/02\/vereador-almiro-oliveira-rios-pt-02-de-dezembro-de-2022\/\" target=\"_self\" rel=\"bookmark noopener noreferrer\" class='uagb-image-ratio-inherit'><img loading=\"lazy\" decoding=\"async\" width=\"886\" height=\"591\" src=\"https:\/\/www.camarabaixagrande.ba.gov.br\/sessoes2021\/wp-content\/uploads\/2022\/12\/almiro.jpg\" class=\"attachment-large size-large\" alt=\"\" srcset=\"https:\/\/www.camarabaixagrande.ba.gov.br\/sessoes2021\/wp-content\/uploads\/2022\/12\/almiro.jpg 886w, https:\/\/www.camarabaixagrande.ba.gov.br\/sessoes2021\/wp-content\/uploads\/2022\/12\/almiro-300x200.jpg 300w, https:\/\/www.camarabaixagrande.ba.gov.br\/sessoes2021\/wp-content\/uploads\/2022\/12\/almiro-768x512.jpg 768w\" sizes=\"auto, (max-width: 886px) 100vw, 886px\" \/>\t\t\t\t\t<\/a>\n\t\t\t\t\t\t\t<\/div>\n\t\t\t\t\t\t<h5 class=\"uagb-post__title uagb-post__text\">\n\t\t\t\t<a href=\"https:\/\/www.camarabaixagrande.ba.gov.br\/sessoes2021\/2022\/12\/02\/vereador-almiro-oliveira-rios-pt-02-de-dezembro-de-2022\/\" target=\"_self\" rel=\"bookmark noopener noreferrer\">Vereador Almiro Oliveira Rios (PT), 02 de dezembro de 2022<\/a>\n\t\t\t<\/h5>\n\t\t\t\t\t\t<div class='uagb-post__text uagb-post-grid-byline'>\n\t\t\t\t\t\t\t<\/div>\n\t\t\t\t\t\t<div class=\"uagb-post__text uagb-post__cta wp-block-button\">\n\t\t\t\t<a class=\"wp-block-button__link uagb-text-link\" href=\"https:\/\/www.camarabaixagrande.ba.gov.br\/sessoes2021\/2022\/12\/02\/vereador-almiro-oliveira-rios-pt-02-de-dezembro-de-2022\/\" target=\"_self\" rel=\"bookmark noopener noreferrer\">Ouvir \u00c1udio<\/a>\n\t\t\t<\/div>\n\t\t\t\t\t\t\t\t\t\t\t\t<\/article>\n\t\t\t\t\t\t\t\t\t\t\t\t\t\t\t\t<article class=\"uagb-post__inner-wrap\">\t\t\t\t\t\t\t\t<div class='uagb-post__image'>\n\t\t\t\t\t\t\t\t\t<a href=\"https:\/\/www.camarabaixagrande.ba.gov.br\/sessoes2021\/2022\/11\/04\/vereador-almiro-oliveira-rios-pt-04-de-novembro-de-2022\/\" target=\"_self\" rel=\"bookmark noopener noreferrer\" class='uagb-image-ratio-inherit'><img loading=\"lazy\" decoding=\"async\" width=\"886\" height=\"531\" src=\"https:\/\/www.camarabaixagrande.ba.gov.br\/sessoes2021\/wp-content\/uploads\/2022\/11\/almiro.jpg\" class=\"attachment-large size-large\" alt=\"\" srcset=\"https:\/\/www.camarabaixagrande.ba.gov.br\/sessoes2021\/wp-content\/uploads\/2022\/11\/almiro.jpg 886w, https:\/\/www.camarabaixagrande.ba.gov.br\/sessoes2021\/wp-content\/uploads\/2022\/11\/almiro-300x180.jpg 300w, https:\/\/www.camarabaixagrande.ba.gov.br\/sessoes2021\/wp-content\/uploads\/2022\/11\/almiro-768x460.jpg 768w\" sizes=\"auto, (max-width: 886px) 100vw, 886px\" \/>\t\t\t\t\t<\/a>\n\t\t\t\t\t\t\t<\/div>\n\t\t\t\t\t\t<h5 class=\"uagb-post__title uagb-post__text\">\n\t\t\t\t<a href=\"https:\/\/www.camarabaixagrande.ba.gov.br\/sessoes2021\/2022\/11\/04\/vereador-almiro-oliveira-rios-pt-04-de-novembro-de-2022\/\" target=\"_self\" rel=\"bookmark noopener noreferrer\">Vereador Almiro Oliveira Rios (PT), 04 de novembro de 2022<\/a>\n\t\t\t<\/h5>\n\t\t\t\t\t\t<div class='uagb-post__text uagb-post-grid-byline'>\n\t\t\t\t\t\t\t<\/div>\n\t\t\t\t\t\t<div class=\"uagb-post__text uagb-post__cta wp-block-button\">\n\t\t\t\t<a class=\"wp-block-button__link uagb-text-link\" href=\"https:\/\/www.camarabaixagrande.ba.gov.br\/sessoes2021\/2022\/11\/04\/vereador-almiro-oliveira-rios-pt-04-de-novembro-de-2022\/\" target=\"_self\" rel=\"bookmark noopener noreferrer\">Ouvir \u00c1udio<\/a>\n\t\t\t<\/div>\n\t\t\t\t\t\t\t\t\t\t\t\t<\/article>\n\t\t\t\t\t\t\t\t\t\t\t\t\t\t\t\t<article class=\"uagb-post__inner-wrap\">\t\t\t\t\t\t\t\t<div class='uagb-post__image'>\n\t\t\t\t\t\t\t\t\t<a href=\"https:\/\/www.camarabaixagrande.ba.gov.br\/sessoes2021\/2022\/10\/21\/vereador-almiro-oliveira-rios-pt-21-de-outubro-de-2022\/\" target=\"_self\" rel=\"bookmark noopener noreferrer\" class='uagb-image-ratio-inherit'><img loading=\"lazy\" decoding=\"async\" width=\"886\" height=\"531\" src=\"https:\/\/www.camarabaixagrande.ba.gov.br\/sessoes2021\/wp-content\/uploads\/2022\/10\/almiro-1.jpg\" class=\"attachment-large size-large\" alt=\"\" srcset=\"https:\/\/www.camarabaixagrande.ba.gov.br\/sessoes2021\/wp-content\/uploads\/2022\/10\/almiro-1.jpg 886w, https:\/\/www.camarabaixagrande.ba.gov.br\/sessoes2021\/wp-content\/uploads\/2022\/10\/almiro-1-300x180.jpg 300w, https:\/\/www.camarabaixagrande.ba.gov.br\/sessoes2021\/wp-content\/uploads\/2022\/10\/almiro-1-768x460.jpg 768w\" sizes=\"auto, (max-width: 886px) 100vw, 886px\" \/>\t\t\t\t\t<\/a>\n\t\t\t\t\t\t\t<\/div>\n\t\t\t\t\t\t<h5 class=\"uagb-post__title uagb-post__text\">\n\t\t\t\t<a href=\"https:\/\/www.camarabaixagrande.ba.gov.br\/sessoes2021\/2022\/10\/21\/vereador-almiro-oliveira-rios-pt-21-de-outubro-de-2022\/\" target=\"_self\" rel=\"bookmark noopener noreferrer\">Vereador Almiro Oliveira Rios (PT), 21 de outubro de 2022<\/a>\n\t\t\t<\/h5>\n\t\t\t\t\t\t<div class='uagb-post__text uagb-post-grid-byline'>\n\t\t\t\t\t\t\t<\/div>\n\t\t\t\t\t\t<div class=\"uagb-post__text uagb-post__cta wp-block-button\">\n\t\t\t\t<a class=\"wp-block-button__link uagb-text-link\" href=\"https:\/\/www.camarabaixagrande.ba.gov.br\/sessoes2021\/2022\/10\/21\/vereador-almiro-oliveira-rios-pt-21-de-outubro-de-2022\/\" target=\"_self\" rel=\"bookmark noopener noreferrer\">Ouvir \u00c1udio<\/a>\n\t\t\t<\/div>\n\t\t\t\t\t\t\t\t\t\t\t\t<\/article>\n\t\t\t\t\t\t\t\t\t\t\t\t\t\t\t\t<article class=\"uagb-post__inner-wrap\">\t\t\t\t\t\t\t\t<div class='uagb-post__image'>\n\t\t\t\t\t\t\t\t\t<a href=\"https:\/\/www.camarabaixagrande.ba.gov.br\/sessoes2021\/2022\/10\/14\/vereador-almiro-oliveira-rios-pt-14-de-outubro-de-2022\/\" target=\"_self\" rel=\"bookmark noopener noreferrer\" class='uagb-image-ratio-inherit'><img loading=\"lazy\" decoding=\"async\" width=\"886\" height=\"591\" src=\"https:\/\/www.camarabaixagrande.ba.gov.br\/sessoes2021\/wp-content\/uploads\/2022\/10\/almiro.jpg\" class=\"attachment-large size-large\" alt=\"\" srcset=\"https:\/\/www.camarabaixagrande.ba.gov.br\/sessoes2021\/wp-content\/uploads\/2022\/10\/almiro.jpg 886w, https:\/\/www.camarabaixagrande.ba.gov.br\/sessoes2021\/wp-content\/uploads\/2022\/10\/almiro-300x200.jpg 300w, https:\/\/www.camarabaixagrande.ba.gov.br\/sessoes2021\/wp-content\/uploads\/2022\/10\/almiro-768x512.jpg 768w\" sizes=\"auto, (max-width: 886px) 100vw, 886px\" \/>\t\t\t\t\t<\/a>\n\t\t\t\t\t\t\t<\/div>\n\t\t\t\t\t\t<h5 class=\"uagb-post__title uagb-post__text\">\n\t\t\t\t<a href=\"https:\/\/www.camarabaixagrande.ba.gov.br\/sessoes2021\/2022\/10\/14\/vereador-almiro-oliveira-rios-pt-14-de-outubro-de-2022\/\" target=\"_self\" rel=\"bookmark noopener noreferrer\">Vereador Almiro Oliveira Rios (PT), 14 de outubro de 2022<\/a>\n\t\t\t<\/h5>\n\t\t\t\t\t\t<div class='uagb-post__text uagb-post-grid-byline'>\n\t\t\t\t\t\t\t<\/div>\n\t\t\t\t\t\t<div class=\"uagb-post__text uagb-post__cta wp-block-button\">\n\t\t\t\t<a class=\"wp-block-button__link uagb-text-link\" href=\"https:\/\/www.camarabaixagrande.ba.gov.br\/sessoes2021\/2022\/10\/14\/vereador-almiro-oliveira-rios-pt-14-de-outubro-de-2022\/\" target=\"_self\" rel=\"bookmark noopener noreferrer\">Ouvir \u00c1udio<\/a>\n\t\t\t<\/div>\n\t\t\t\t\t\t\t\t\t\t\t\t<\/article>\n\t\t\t\t\t\t\t\t\t\t\t\t\t\t\t\t<article class=\"uagb-post__inner-wrap\">\t\t\t\t\t\t\t\t<div class='uagb-post__image'>\n\t\t\t\t\t\t\t\t\t<a href=\"https:\/\/www.camarabaixagrande.ba.gov.br\/sessoes2021\/2022\/08\/05\/05-08-2022-vereador-almiro-oliveira-rios-pt\/\" target=\"_self\" rel=\"bookmark noopener noreferrer\" class='uagb-image-ratio-inherit'><img loading=\"lazy\" decoding=\"async\" width=\"591\" height=\"394\" src=\"https:\/\/www.camarabaixagrande.ba.gov.br\/sessoes2021\/wp-content\/uploads\/2022\/08\/almiro.jpg\" class=\"attachment-large size-large\" alt=\"\" srcset=\"https:\/\/www.camarabaixagrande.ba.gov.br\/sessoes2021\/wp-content\/uploads\/2022\/08\/almiro.jpg 591w, https:\/\/www.camarabaixagrande.ba.gov.br\/sessoes2021\/wp-content\/uploads\/2022\/08\/almiro-300x200.jpg 300w\" sizes=\"auto, (max-width: 591px) 100vw, 591px\" \/>\t\t\t\t\t<\/a>\n\t\t\t\t\t\t\t<\/div>\n\t\t\t\t\t\t<h5 class=\"uagb-post__title uagb-post__text\">\n\t\t\t\t<a href=\"https:\/\/www.camarabaixagrande.ba.gov.br\/sessoes2021\/2022\/08\/05\/05-08-2022-vereador-almiro-oliveira-rios-pt\/\" target=\"_self\" rel=\"bookmark noopener noreferrer\">05\/08\/2022 | Vereador Almiro Oliveira Rios (PT)<\/a>\n\t\t\t<\/h5>\n\t\t\t\t\t\t<div class='uagb-post__text uagb-post-grid-byline'>\n\t\t\t\t\t\t\t<\/div>\n\t\t\t\t\t\t<div class=\"uagb-post__text uagb-post__cta wp-block-button\">\n\t\t\t\t<a class=\"wp-block-button__link uagb-text-link\" href=\"https:\/\/www.camarabaixagrande.ba.gov.br\/sessoes2021\/2022\/08\/05\/05-08-2022-vereador-almiro-oliveira-rios-pt\/\" target=\"_self\" rel=\"bookmark noopener noreferrer\">Ouvir \u00c1udio<\/a>\n\t\t\t<\/div>\n\t\t\t\t\t\t\t\t\t\t\t\t<\/article>\n\t\t\t\t\t\t\t\t\t\t\t<\/div>\n\t\t\t","protected":false},"excerpt":{"rendered":"","protected":false},"author":1,"featured_media":0,"parent":0,"menu_order":0,"comment_status":"closed","ping_status":"closed","template":"","meta":{"_uag_custom_page_level_css":"","footnotes":""},"class_list":["post-301","page","type-page","status-publish","hentry","comments-off"],"yoast_head":"<!-- This site is optimized with the Yoast SEO plugin v19.13 - https:\/\/yoast.com\/wordpress\/plugins\/seo\/ -->\n<title>Almiro Rios - C\u00e2mara Municipal de Baixa Grande<\/title>\n<meta name=\"robots\" content=\"index, follow, max-snippet:-1, max-image-preview:large, max-video-preview:-1\" \/>\n<link rel=\"canonical\" href=\"https:\/\/www.camarabaixagrande.ba.gov.br\/sessoes2021\/almiro-rios\/\" \/>\n<meta property=\"og:locale\" content=\"pt_BR\" \/>\n<meta property=\"og:type\" content=\"article\" \/>\n<meta property=\"og:title\" content=\"Almiro Rios - C\u00e2mara Municipal de Baixa Grande\" \/>\n<meta property=\"og:url\" content=\"https:\/\/www.camarabaixagrande.ba.gov.br\/sessoes2021\/almiro-rios\/\" \/>\n<meta property=\"og:site_name\" content=\"C\u00e2mara Municipal de Baixa Grande\" \/>\n<meta property=\"article:modified_time\" content=\"2021-07-11T20:32:27+00:00\" \/>\n<meta name=\"twitter:card\" content=\"summary_large_image\" \/>\n<script type=\"application\/ld+json\" class=\"yoast-schema-graph\">{\"@context\":\"https:\/\/schema.org\",\"@graph\":[{\"@type\":\"WebPage\",\"@id\":\"https:\/\/www.camarabaixagrande.ba.gov.br\/sessoes2021\/almiro-rios\/\",\"url\":\"https:\/\/www.camarabaixagrande.ba.gov.br\/sessoes2021\/almiro-rios\/\",\"name\":\"Almiro Rios - C\u00e2mara Municipal de Baixa Grande\",\"isPartOf\":{\"@id\":\"https:\/\/www.camarabaixagrande.ba.gov.br\/sessoes2021\/#website\"},\"datePublished\":\"2021-07-10T16:38:18+00:00\",\"dateModified\":\"2021-07-11T20:32:27+00:00\",\"breadcrumb\":{\"@id\":\"https:\/\/www.camarabaixagrande.ba.gov.br\/sessoes2021\/almiro-rios\/#breadcrumb\"},\"inLanguage\":\"pt-BR\",\"potentialAction\":[{\"@type\":\"ReadAction\",\"target\":[\"https:\/\/www.camarabaixagrande.ba.gov.br\/sessoes2021\/almiro-rios\/\"]}]},{\"@type\":\"BreadcrumbList\",\"@id\":\"https:\/\/www.camarabaixagrande.ba.gov.br\/sessoes2021\/almiro-rios\/#breadcrumb\",\"itemListElement\":[{\"@type\":\"ListItem\",\"position\":1,\"name\":\"In\u00edcio\",\"item\":\"https:\/\/www.camarabaixagrande.ba.gov.br\/sessoes2021\/\"},{\"@type\":\"ListItem\",\"position\":2,\"name\":\"Almiro Rios\"}]},{\"@type\":\"WebSite\",\"@id\":\"https:\/\/www.camarabaixagrande.ba.gov.br\/sessoes2021\/#website\",\"url\":\"https:\/\/www.camarabaixagrande.ba.gov.br\/sessoes2021\/\",\"name\":\"C\u00e2mara Municipal de Baixa Grande\",\"description\":\"\u00c1udios das Sess\u00f5es de 2021 e 2022\",\"publisher\":{\"@id\":\"https:\/\/www.camarabaixagrande.ba.gov.br\/sessoes2021\/#organization\"},\"potentialAction\":[{\"@type\":\"SearchAction\",\"target\":{\"@type\":\"EntryPoint\",\"urlTemplate\":\"https:\/\/www.camarabaixagrande.ba.gov.br\/sessoes2021\/?s={search_term_string}\"},\"query-input\":\"required name=search_term_string\"}],\"inLanguage\":\"pt-BR\"},{\"@type\":\"Organization\",\"@id\":\"https:\/\/www.camarabaixagrande.ba.gov.br\/sessoes2021\/#organization\",\"name\":\"C\u00e2mara Municipal de Baixa Grande\",\"url\":\"https:\/\/www.camarabaixagrande.ba.gov.br\/sessoes2021\/\",\"logo\":{\"@type\":\"ImageObject\",\"inLanguage\":\"pt-BR\",\"@id\":\"https:\/\/www.camarabaixagrande.ba.gov.br\/sessoes2021\/#\/schema\/logo\/image\/\",\"url\":\"https:\/\/www.camarabaixagrande.ba.gov.br\/sessoes2021\/wp-content\/uploads\/2021\/08\/banner-reserva.png\",\"contentUrl\":\"https:\/\/www.camarabaixagrande.ba.gov.br\/sessoes2021\/wp-content\/uploads\/2021\/08\/banner-reserva.png\",\"width\":250,\"height\":90,\"caption\":\"C\u00e2mara Municipal de Baixa Grande\"},\"image\":{\"@id\":\"https:\/\/www.camarabaixagrande.ba.gov.br\/sessoes2021\/#\/schema\/logo\/image\/\"}}]}<\/script>\n<!-- \/ Yoast SEO plugin. -->","yoast_head_json":{"title":"Almiro Rios - C\u00e2mara Municipal de Baixa Grande","robots":{"index":"index","follow":"follow","max-snippet":"max-snippet:-1","max-image-preview":"max-image-preview:large","max-video-preview":"max-video-preview:-1"},"canonical":"https:\/\/www.camarabaixagrande.ba.gov.br\/sessoes2021\/almiro-rios\/","og_locale":"pt_BR","og_type":"article","og_title":"Almiro Rios - C\u00e2mara Municipal de Baixa Grande","og_url":"https:\/\/www.camarabaixagrande.ba.gov.br\/sessoes2021\/almiro-rios\/","og_site_name":"C\u00e2mara Municipal de Baixa Grande","article_modified_time":"2021-07-11T20:32:27+00:00","twitter_card":"summary_large_image","schema":{"@context":"https:\/\/schema.org","@graph":[{"@type":"WebPage","@id":"https:\/\/www.camarabaixagrande.ba.gov.br\/sessoes2021\/almiro-rios\/","url":"https:\/\/www.camarabaixagrande.ba.gov.br\/sessoes2021\/almiro-rios\/","name":"Almiro Rios - C\u00e2mara Municipal de Baixa Grande","isPartOf":{"@id":"https:\/\/www.camarabaixagrande.ba.gov.br\/sessoes2021\/#website"},"datePublished":"2021-07-10T16:38:18+00:00","dateModified":"2021-07-11T20:32:27+00:00","breadcrumb":{"@id":"https:\/\/www.camarabaixagrande.ba.gov.br\/sessoes2021\/almiro-rios\/#breadcrumb"},"inLanguage":"pt-BR","potentialAction":[{"@type":"ReadAction","target":["https:\/\/www.camarabaixagrande.ba.gov.br\/sessoes2021\/almiro-rios\/"]}]},{"@type":"BreadcrumbList","@id":"https:\/\/www.camarabaixagrande.ba.gov.br\/sessoes2021\/almiro-rios\/#breadcrumb","itemListElement":[{"@type":"ListItem","position":1,"name":"In\u00edcio","item":"https:\/\/www.camarabaixagrande.ba.gov.br\/sessoes2021\/"},{"@type":"ListItem","position":2,"name":"Almiro Rios"}]},{"@type":"WebSite","@id":"https:\/\/www.camarabaixagrande.ba.gov.br\/sessoes2021\/#website","url":"https:\/\/www.camarabaixagrande.ba.gov.br\/sessoes2021\/","name":"C\u00e2mara Municipal de Baixa Grande","description":"\u00c1udios das Sess\u00f5es de 2021 e 2022","publisher":{"@id":"https:\/\/www.camarabaixagrande.ba.gov.br\/sessoes2021\/#organization"},"potentialAction":[{"@type":"SearchAction","target":{"@type":"EntryPoint","urlTemplate":"https:\/\/www.camarabaixagrande.ba.gov.br\/sessoes2021\/?s={search_term_string}"},"query-input":"required name=search_term_string"}],"inLanguage":"pt-BR"},{"@type":"Organization","@id":"https:\/\/www.camarabaixagrande.ba.gov.br\/sessoes2021\/#organization","name":"C\u00e2mara Municipal de Baixa Grande","url":"https:\/\/www.camarabaixagrande.ba.gov.br\/sessoes2021\/","logo":{"@type":"ImageObject","inLanguage":"pt-BR","@id":"https:\/\/www.camarabaixagrande.ba.gov.br\/sessoes2021\/#\/schema\/logo\/image\/","url":"https:\/\/www.camarabaixagrande.ba.gov.br\/sessoes2021\/wp-content\/uploads\/2021\/08\/banner-reserva.png","contentUrl":"https:\/\/www.camarabaixagrande.ba.gov.br\/sessoes2021\/wp-content\/uploads\/2021\/08\/banner-reserva.png","width":250,"height":90,"caption":"C\u00e2mara Municipal de Baixa Grande"},"image":{"@id":"https:\/\/www.camarabaixagrande.ba.gov.br\/sessoes2021\/#\/schema\/logo\/image\/"}}]}},"uagb_featured_image_src":{"full":false,"thumbnail":false,"medium":false,"medium_large":false,"large":false,"1536x1536":false,"2048x2048":false,"post-thumbnail":false,"donovan-list-post":false},"uagb_author_info":{"display_name":"Ediomario","author_link":"https:\/\/www.camarabaixagrande.ba.gov.br\/sessoes2021\/author\/ediomario\/"},"uagb_comment_info":0,"uagb_excerpt":null,"_links":{"self":[{"href":"https:\/\/www.camarabaixagrande.ba.gov.br\/sessoes2021\/wp-json\/wp\/v2\/pages\/301","targetHints":{"allow":["GET"]}}],"collection":[{"href":"https:\/\/www.camarabaixagrande.ba.gov.br\/sessoes2021\/wp-json\/wp\/v2\/pages"}],"about":[{"href":"https:\/\/www.camarabaixagrande.ba.gov.br\/sessoes2021\/wp-json\/wp\/v2\/types\/page"}],"author":[{"embeddable":true,"href":"https:\/\/www.camarabaixagrande.ba.gov.br\/sessoes2021\/wp-json\/wp\/v2\/users\/1"}],"replies":[{"embeddable":true,"href":"https:\/\/www.camarabaixagrande.ba.gov.br\/sessoes2021\/wp-json\/wp\/v2\/comments?post=301"}],"version-history":[{"count":4,"href":"https:\/\/www.camarabaixagrande.ba.gov.br\/sessoes2021\/wp-json\/wp\/v2\/pages\/301\/revisions"}],"predecessor-version":[{"id":581,"href":"https:\/\/www.camarabaixagrande.ba.gov.br\/sessoes2021\/wp-json\/wp\/v2\/pages\/301\/revisions\/581"}],"wp:attachment":[{"href":"https:\/\/www.camarabaixagrande.ba.gov.br\/sessoes2021\/wp-json\/wp\/v2\/media?parent=301"}],"curies":[{"name":"wp","href":"https:\/\/api.w.org\/{rel}","templated":true}]}}