{"id":313,"date":"2021-07-10T13:40:51","date_gmt":"2021-07-10T16:40:51","guid":{"rendered":"https:\/\/www.camarabaixagrande.ba.gov.br\/sessoes2021\/?page_id=313"},"modified":"2021-07-10T13:49:56","modified_gmt":"2021-07-10T16:49:56","slug":"elenildo-negao-do-lasca-gato","status":"publish","type":"page","link":"https:\/\/www.camarabaixagrande.ba.gov.br\/sessoes2021\/elenildo-negao-do-lasca-gato\/","title":{"rendered":"Elenildo (Neg\u00e3o do Lasca Gato)"},"content":{"rendered":"<div class=\"pvc_clear\"><\/div><p class=\"pvc_stats total_only \" data-element-id=\"313\" style=\"\"><i class=\"pvc-stats-icon small\" aria-hidden=\"true\"><svg aria-hidden=\"true\" focusable=\"false\" data-prefix=\"far\" data-icon=\"chart-bar\" role=\"img\" xmlns=\"http:\/\/www.w3.org\/2000\/svg\" viewBox=\"0 0 512 512\" class=\"svg-inline--fa fa-chart-bar fa-w-16 fa-2x\"><path fill=\"currentColor\" d=\"M396.8 352h22.4c6.4 0 12.8-6.4 12.8-12.8V108.8c0-6.4-6.4-12.8-12.8-12.8h-22.4c-6.4 0-12.8 6.4-12.8 12.8v230.4c0 6.4 6.4 12.8 12.8 12.8zm-192 0h22.4c6.4 0 12.8-6.4 12.8-12.8V140.8c0-6.4-6.4-12.8-12.8-12.8h-22.4c-6.4 0-12.8 6.4-12.8 12.8v198.4c0 6.4 6.4 12.8 12.8 12.8zm96 0h22.4c6.4 0 12.8-6.4 12.8-12.8V204.8c0-6.4-6.4-12.8-12.8-12.8h-22.4c-6.4 0-12.8 6.4-12.8 12.8v134.4c0 6.4 6.4 12.8 12.8 12.8zM496 400H48V80c0-8.84-7.16-16-16-16H16C7.16 64 0 71.16 0 80v336c0 17.67 14.33 32 32 32h464c8.84 0 16-7.16 16-16v-16c0-8.84-7.16-16-16-16zm-387.2-48h22.4c6.4 0 12.8-6.4 12.8-12.8v-70.4c0-6.4-6.4-12.8-12.8-12.8h-22.4c-6.4 0-12.8 6.4-12.8 12.8v70.4c0 6.4 6.4 12.8 12.8 12.8z\" class=\"\"><\/path><\/svg><\/i> &nbsp;1,599&nbsp;Reprodu\u00e7\u00e3o<\/p><div class=\"pvc_clear\"><\/div>\n\t\t\t<div class=\"wp-block-uagb-post-grid uagb-post-grid  uagb-post__image-position-top uagb-post__image-enabled uagb-block-37bf0d46     uagb-post__items uagb-post__columns-3 is-grid uagb-post__columns-tablet-2 uagb-post__columns-mobile-1 uagb-post__equal-height\"\n\t\t\t\tdata-total=\"5\"\n\t\t\t\tstyle=\"\"\n\t\t\t>\n\n\t\t\t\t\t\t\t\t\t\t\t\t<article class=\"uagb-post__inner-wrap\">\t\t\t\t\t\t\t\t<div class='uagb-post__image'>\n\t\t\t\t\t\t\t\t\t<a href=\"https:\/\/www.camarabaixagrande.ba.gov.br\/sessoes2021\/2022\/12\/10\/vereador-elenildo-goncalvespp-negao-do-lasca-gato-09-de-dezembro-de-2022\/\" target=\"_self\" rel=\"bookmark noopener noreferrer\" class='uagb-image-ratio-inherit'><img loading=\"lazy\" decoding=\"async\" width=\"886\" height=\"591\" src=\"https:\/\/www.camarabaixagrande.ba.gov.br\/sessoes2021\/wp-content\/uploads\/2022\/12\/negao.jpg\" class=\"attachment-large size-large\" alt=\"\" srcset=\"https:\/\/www.camarabaixagrande.ba.gov.br\/sessoes2021\/wp-content\/uploads\/2022\/12\/negao.jpg 886w, https:\/\/www.camarabaixagrande.ba.gov.br\/sessoes2021\/wp-content\/uploads\/2022\/12\/negao-300x200.jpg 300w, https:\/\/www.camarabaixagrande.ba.gov.br\/sessoes2021\/wp-content\/uploads\/2022\/12\/negao-768x512.jpg 768w\" sizes=\"auto, (max-width: 886px) 100vw, 886px\" \/>\t\t\t\t\t<\/a>\n\t\t\t\t\t\t\t<\/div>\n\t\t\t\t\t\t<h5 class=\"uagb-post__title uagb-post__text\">\n\t\t\t\t<a href=\"https:\/\/www.camarabaixagrande.ba.gov.br\/sessoes2021\/2022\/12\/10\/vereador-elenildo-goncalvespp-negao-do-lasca-gato-09-de-dezembro-de-2022\/\" target=\"_self\" rel=\"bookmark noopener noreferrer\">Vereador Elenildo Gon\u00e7alves(PP), | Neg\u00e3o do Lasca Gato, 09 de dezembro de 2022<\/a>\n\t\t\t<\/h5>\n\t\t\t\t\t\t<div class='uagb-post__text uagb-post-grid-byline'>\n\t\t\t\t\t\t\t\t<time datetime=\"2022-12-10T06:45:19-03:00\" class=\"uagb-post__date\">\n\t\t\t\t<span class=\"dashicons-calendar dashicons\"><\/span>\t\t\t\t\t10 de dezembro de 2022\t\t\t\t<\/time>\n\t\t\t\t\t\t<\/div>\n\t\t\t\t\t\t\t<div class='uagb-post__text uagb-post__excerpt'>\n\t\t\t\t\t\t\t\t\t<\/div>\n\t\t\t\t\t\t<div class=\"uagb-post__text uagb-post__cta wp-block-button\">\n\t\t\t\t<a class=\"wp-block-button__link uagb-text-link\" href=\"https:\/\/www.camarabaixagrande.ba.gov.br\/sessoes2021\/2022\/12\/10\/vereador-elenildo-goncalvespp-negao-do-lasca-gato-09-de-dezembro-de-2022\/\" target=\"_self\" rel=\"bookmark noopener noreferrer\">Ouvir \u00c1udio<\/a>\n\t\t\t<\/div>\n\t\t\t\t\t\t\t\t\t\t\t\t<\/article>\n\t\t\t\t\t\t\t\t\t\t\t\t\t\t\t\t<article class=\"uagb-post__inner-wrap\">\t\t\t\t\t\t\t\t<div class='uagb-post__image'>\n\t\t\t\t\t\t\t\t\t<a href=\"https:\/\/www.camarabaixagrande.ba.gov.br\/sessoes2021\/2022\/10\/21\/vereador-elenildo-goncalvespp-negao-do-lasca-gato-21-de-outubro-de-2022\/\" target=\"_self\" rel=\"bookmark noopener noreferrer\" class='uagb-image-ratio-inherit'><img loading=\"lazy\" decoding=\"async\" width=\"886\" height=\"531\" src=\"https:\/\/www.camarabaixagrande.ba.gov.br\/sessoes2021\/wp-content\/uploads\/2022\/10\/negao-1.jpg\" class=\"attachment-large size-large\" alt=\"\" srcset=\"https:\/\/www.camarabaixagrande.ba.gov.br\/sessoes2021\/wp-content\/uploads\/2022\/10\/negao-1.jpg 886w, https:\/\/www.camarabaixagrande.ba.gov.br\/sessoes2021\/wp-content\/uploads\/2022\/10\/negao-1-300x180.jpg 300w, https:\/\/www.camarabaixagrande.ba.gov.br\/sessoes2021\/wp-content\/uploads\/2022\/10\/negao-1-768x460.jpg 768w\" sizes=\"auto, (max-width: 886px) 100vw, 886px\" \/>\t\t\t\t\t<\/a>\n\t\t\t\t\t\t\t<\/div>\n\t\t\t\t\t\t<h5 class=\"uagb-post__title uagb-post__text\">\n\t\t\t\t<a href=\"https:\/\/www.camarabaixagrande.ba.gov.br\/sessoes2021\/2022\/10\/21\/vereador-elenildo-goncalvespp-negao-do-lasca-gato-21-de-outubro-de-2022\/\" target=\"_self\" rel=\"bookmark noopener noreferrer\">Vereador Elenildo Gon\u00e7alves(PP), | Neg\u00e3o do Lasca Gato, 21 de outubro de 2022<\/a>\n\t\t\t<\/h5>\n\t\t\t\t\t\t<div class='uagb-post__text uagb-post-grid-byline'>\n\t\t\t\t\t\t\t\t<time datetime=\"2022-10-21T19:30:20-03:00\" class=\"uagb-post__date\">\n\t\t\t\t<span class=\"dashicons-calendar dashicons\"><\/span>\t\t\t\t\t21 de outubro de 2022\t\t\t\t<\/time>\n\t\t\t\t\t\t<\/div>\n\t\t\t\t\t\t\t<div class='uagb-post__text uagb-post__excerpt'>\n\t\t\t\t\t\t\t\t\t<\/div>\n\t\t\t\t\t\t<div class=\"uagb-post__text uagb-post__cta wp-block-button\">\n\t\t\t\t<a class=\"wp-block-button__link uagb-text-link\" href=\"https:\/\/www.camarabaixagrande.ba.gov.br\/sessoes2021\/2022\/10\/21\/vereador-elenildo-goncalvespp-negao-do-lasca-gato-21-de-outubro-de-2022\/\" target=\"_self\" rel=\"bookmark noopener noreferrer\">Ouvir \u00c1udio<\/a>\n\t\t\t<\/div>\n\t\t\t\t\t\t\t\t\t\t\t\t<\/article>\n\t\t\t\t\t\t\t\t\t\t\t\t\t\t\t\t<article class=\"uagb-post__inner-wrap\">\t\t\t\t\t\t\t\t<div class='uagb-post__image'>\n\t\t\t\t\t\t\t\t\t<a href=\"https:\/\/www.camarabaixagrande.ba.gov.br\/sessoes2021\/2022\/10\/14\/vereador-elenildo-goncalvespp-negao-do-lasca-gato-14-de-outubro-de-2022\/\" target=\"_self\" rel=\"bookmark noopener noreferrer\" class='uagb-image-ratio-inherit'><img loading=\"lazy\" decoding=\"async\" width=\"886\" height=\"591\" src=\"https:\/\/www.camarabaixagrande.ba.gov.br\/sessoes2021\/wp-content\/uploads\/2022\/10\/negao.jpg\" class=\"attachment-large size-large\" alt=\"\" srcset=\"https:\/\/www.camarabaixagrande.ba.gov.br\/sessoes2021\/wp-content\/uploads\/2022\/10\/negao.jpg 886w, https:\/\/www.camarabaixagrande.ba.gov.br\/sessoes2021\/wp-content\/uploads\/2022\/10\/negao-300x200.jpg 300w, https:\/\/www.camarabaixagrande.ba.gov.br\/sessoes2021\/wp-content\/uploads\/2022\/10\/negao-768x512.jpg 768w\" sizes=\"auto, (max-width: 886px) 100vw, 886px\" \/>\t\t\t\t\t<\/a>\n\t\t\t\t\t\t\t<\/div>\n\t\t\t\t\t\t<h5 class=\"uagb-post__title uagb-post__text\">\n\t\t\t\t<a href=\"https:\/\/www.camarabaixagrande.ba.gov.br\/sessoes2021\/2022\/10\/14\/vereador-elenildo-goncalvespp-negao-do-lasca-gato-14-de-outubro-de-2022\/\" target=\"_self\" rel=\"bookmark noopener noreferrer\">Vereador Elenildo Gon\u00e7alves(PP), | Neg\u00e3o do Lasca Gato, 14 de outubro de 2022<\/a>\n\t\t\t<\/h5>\n\t\t\t\t\t\t<div class='uagb-post__text uagb-post-grid-byline'>\n\t\t\t\t\t\t\t\t<time datetime=\"2022-10-14T23:30:05-03:00\" class=\"uagb-post__date\">\n\t\t\t\t<span class=\"dashicons-calendar dashicons\"><\/span>\t\t\t\t\t14 de outubro de 2022\t\t\t\t<\/time>\n\t\t\t\t\t\t<\/div>\n\t\t\t\t\t\t\t<div class='uagb-post__text uagb-post__excerpt'>\n\t\t\t\t\t\t\t\t\t<\/div>\n\t\t\t\t\t\t<div class=\"uagb-post__text uagb-post__cta wp-block-button\">\n\t\t\t\t<a class=\"wp-block-button__link uagb-text-link\" href=\"https:\/\/www.camarabaixagrande.ba.gov.br\/sessoes2021\/2022\/10\/14\/vereador-elenildo-goncalvespp-negao-do-lasca-gato-14-de-outubro-de-2022\/\" target=\"_self\" rel=\"bookmark noopener noreferrer\">Ouvir \u00c1udio<\/a>\n\t\t\t<\/div>\n\t\t\t\t\t\t\t\t\t\t\t\t<\/article>\n\t\t\t\t\t\t\t\t\t\t\t\t\t\t\t\t<article class=\"uagb-post__inner-wrap\">\t\t\t\t\t\t\t\t<div class='uagb-post__image'>\n\t\t\t\t\t\t\t\t\t<a href=\"https:\/\/www.camarabaixagrande.ba.gov.br\/sessoes2021\/2022\/09\/02\/vereador-elenildo-goncalvespp-negao-do-lasca-gato-02-de-setembro-de-2022\/\" target=\"_self\" rel=\"bookmark noopener noreferrer\" class='uagb-image-ratio-inherit'><img loading=\"lazy\" decoding=\"async\" width=\"591\" height=\"354\" src=\"https:\/\/www.camarabaixagrande.ba.gov.br\/sessoes2021\/wp-content\/uploads\/2022\/09\/negao.jpg\" class=\"attachment-large size-large\" alt=\"\" srcset=\"https:\/\/www.camarabaixagrande.ba.gov.br\/sessoes2021\/wp-content\/uploads\/2022\/09\/negao.jpg 591w, https:\/\/www.camarabaixagrande.ba.gov.br\/sessoes2021\/wp-content\/uploads\/2022\/09\/negao-300x180.jpg 300w\" sizes=\"auto, (max-width: 591px) 100vw, 591px\" \/>\t\t\t\t\t<\/a>\n\t\t\t\t\t\t\t<\/div>\n\t\t\t\t\t\t<h5 class=\"uagb-post__title uagb-post__text\">\n\t\t\t\t<a href=\"https:\/\/www.camarabaixagrande.ba.gov.br\/sessoes2021\/2022\/09\/02\/vereador-elenildo-goncalvespp-negao-do-lasca-gato-02-de-setembro-de-2022\/\" target=\"_self\" rel=\"bookmark noopener noreferrer\">Vereador Elenildo Gon\u00e7alves(PP), | Neg\u00e3o do Lasca Gato, 02 de setembro de 2022<\/a>\n\t\t\t<\/h5>\n\t\t\t\t\t\t<div class='uagb-post__text uagb-post-grid-byline'>\n\t\t\t\t\t\t\t\t<time datetime=\"2022-09-02T17:15:47-03:00\" class=\"uagb-post__date\">\n\t\t\t\t<span class=\"dashicons-calendar dashicons\"><\/span>\t\t\t\t\t2 de setembro de 2022\t\t\t\t<\/time>\n\t\t\t\t\t\t<\/div>\n\t\t\t\t\t\t\t<div class='uagb-post__text uagb-post__excerpt'>\n\t\t\t\t\t\t\t\t\t<\/div>\n\t\t\t\t\t\t<div class=\"uagb-post__text uagb-post__cta wp-block-button\">\n\t\t\t\t<a class=\"wp-block-button__link uagb-text-link\" href=\"https:\/\/www.camarabaixagrande.ba.gov.br\/sessoes2021\/2022\/09\/02\/vereador-elenildo-goncalvespp-negao-do-lasca-gato-02-de-setembro-de-2022\/\" target=\"_self\" rel=\"bookmark noopener noreferrer\">Ouvir \u00c1udio<\/a>\n\t\t\t<\/div>\n\t\t\t\t\t\t\t\t\t\t\t\t<\/article>\n\t\t\t\t\t\t\t\t\t\t\t\t\t\t\t\t<article class=\"uagb-post__inner-wrap\">\t\t\t\t\t\t\t\t<div class='uagb-post__image'>\n\t\t\t\t\t\t\t\t\t<a href=\"https:\/\/www.camarabaixagrande.ba.gov.br\/sessoes2021\/2022\/08\/05\/05-08-2022-vereador-elenildo-goncalvespp-negao-do-lasca-gato\/\" target=\"_self\" rel=\"bookmark noopener noreferrer\" class='uagb-image-ratio-inherit'><img loading=\"lazy\" decoding=\"async\" width=\"591\" height=\"394\" src=\"https:\/\/www.camarabaixagrande.ba.gov.br\/sessoes2021\/wp-content\/uploads\/2022\/08\/elenildo.jpg\" class=\"attachment-large size-large\" alt=\"\" srcset=\"https:\/\/www.camarabaixagrande.ba.gov.br\/sessoes2021\/wp-content\/uploads\/2022\/08\/elenildo.jpg 591w, https:\/\/www.camarabaixagrande.ba.gov.br\/sessoes2021\/wp-content\/uploads\/2022\/08\/elenildo-300x200.jpg 300w\" sizes=\"auto, (max-width: 591px) 100vw, 591px\" \/>\t\t\t\t\t<\/a>\n\t\t\t\t\t\t\t<\/div>\n\t\t\t\t\t\t<h5 class=\"uagb-post__title uagb-post__text\">\n\t\t\t\t<a href=\"https:\/\/www.camarabaixagrande.ba.gov.br\/sessoes2021\/2022\/08\/05\/05-08-2022-vereador-elenildo-goncalvespp-negao-do-lasca-gato\/\" target=\"_self\" rel=\"bookmark noopener noreferrer\">05\/08\/2022 | Vereador Elenildo Gon\u00e7alves(PP), | Neg\u00e3o do Lasca Gato<\/a>\n\t\t\t<\/h5>\n\t\t\t\t\t\t<div class='uagb-post__text uagb-post-grid-byline'>\n\t\t\t\t\t\t\t\t<time datetime=\"2022-08-05T17:59:16-03:00\" class=\"uagb-post__date\">\n\t\t\t\t<span class=\"dashicons-calendar dashicons\"><\/span>\t\t\t\t\t5 de agosto de 2022\t\t\t\t<\/time>\n\t\t\t\t\t\t<\/div>\n\t\t\t\t\t\t\t<div class='uagb-post__text uagb-post__excerpt'>\n\t\t\t\t\t<audio class=\"wp-audio-shortcode\" id=\"audio-313-1\" autoplay preload=\"none\" style=\"width: 100%;\" controls=\"controls\"><source type=\"audio\/mpeg\" src=\"https:\/\/www.camarabaixagrande.ba.gov.br\/sessoes2021\/wp-content\/uploads\/2022\/08\/elenildo.mp3?_=1\" \/><a href=\"https:\/\/www.camarabaixagrande.ba.gov.br\/sessoes2021\/wp-content\/uploads\/2022\/08\/elenildo.mp3\">https:\/\/www.camarabaixagrande.ba.gov.br\/sessoes2021\/wp-content\/uploads\/2022\/08\/elenildo.mp3<\/a><\/audio>\n\t\t\t\t<\/div>\n\t\t\t\t\t\t<div class=\"uagb-post__text uagb-post__cta wp-block-button\">\n\t\t\t\t<a class=\"wp-block-button__link uagb-text-link\" href=\"https:\/\/www.camarabaixagrande.ba.gov.br\/sessoes2021\/2022\/08\/05\/05-08-2022-vereador-elenildo-goncalvespp-negao-do-lasca-gato\/\" target=\"_self\" rel=\"bookmark noopener noreferrer\">Ouvir \u00c1udio<\/a>\n\t\t\t<\/div>\n\t\t\t\t\t\t\t\t\t\t\t\t<\/article>\n\t\t\t\t\t\t\t\t\t\t\t\t\t\t\t\t<article class=\"uagb-post__inner-wrap\">\t\t\t\t\t\t\t\t<div class='uagb-post__image'>\n\t\t\t\t\t\t\t\t\t<a href=\"https:\/\/www.camarabaixagrande.ba.gov.br\/sessoes2021\/2022\/05\/27\/27-05-2022-vereador-elenildo-goncalvespp-negao-do-lasca-gato\/\" target=\"_self\" rel=\"bookmark noopener noreferrer\" class='uagb-image-ratio-inherit'><img loading=\"lazy\" decoding=\"async\" width=\"827\" height=\"551\" src=\"https:\/\/www.camarabaixagrande.ba.gov.br\/sessoes2021\/wp-content\/uploads\/2022\/05\/negao-2.jpg\" class=\"attachment-large size-large\" alt=\"\" srcset=\"https:\/\/www.camarabaixagrande.ba.gov.br\/sessoes2021\/wp-content\/uploads\/2022\/05\/negao-2.jpg 827w, https:\/\/www.camarabaixagrande.ba.gov.br\/sessoes2021\/wp-content\/uploads\/2022\/05\/negao-2-300x200.jpg 300w, https:\/\/www.camarabaixagrande.ba.gov.br\/sessoes2021\/wp-content\/uploads\/2022\/05\/negao-2-768x512.jpg 768w\" sizes=\"auto, (max-width: 827px) 100vw, 827px\" \/>\t\t\t\t\t<\/a>\n\t\t\t\t\t\t\t<\/div>\n\t\t\t\t\t\t<h5 class=\"uagb-post__title uagb-post__text\">\n\t\t\t\t<a href=\"https:\/\/www.camarabaixagrande.ba.gov.br\/sessoes2021\/2022\/05\/27\/27-05-2022-vereador-elenildo-goncalvespp-negao-do-lasca-gato\/\" target=\"_self\" rel=\"bookmark noopener noreferrer\">27\/05\/2022 | Vereador Elenildo Gon\u00e7alves(PP), | Neg\u00e3o do Lasca Gato<\/a>\n\t\t\t<\/h5>\n\t\t\t\t\t\t<div class='uagb-post__text uagb-post-grid-byline'>\n\t\t\t\t\t\t\t\t<time datetime=\"2022-05-27T15:50:49-03:00\" class=\"uagb-post__date\">\n\t\t\t\t<span class=\"dashicons-calendar dashicons\"><\/span>\t\t\t\t\t27 de maio de 2022\t\t\t\t<\/time>\n\t\t\t\t\t\t<\/div>\n\t\t\t\t\t\t\t<div class='uagb-post__text uagb-post__excerpt'>\n\t\t\t\t\t\t\t\t\t<\/div>\n\t\t\t\t\t\t<div class=\"uagb-post__text uagb-post__cta wp-block-button\">\n\t\t\t\t<a class=\"wp-block-button__link uagb-text-link\" href=\"https:\/\/www.camarabaixagrande.ba.gov.br\/sessoes2021\/2022\/05\/27\/27-05-2022-vereador-elenildo-goncalvespp-negao-do-lasca-gato\/\" target=\"_self\" rel=\"bookmark noopener noreferrer\">Ouvir \u00c1udio<\/a>\n\t\t\t<\/div>\n\t\t\t\t\t\t\t\t\t\t\t\t<\/article>\n\t\t\t\t\t\t\t\t\t\t\t<\/div>\n\t\t\t","protected":false},"excerpt":{"rendered":"<p>&nbsp;1,599&nbsp;Reprodu\u00e7\u00e3o<\/p>\n","protected":false},"author":1,"featured_media":0,"parent":0,"menu_order":0,"comment_status":"closed","ping_status":"closed","template":"","meta":{"_uag_custom_page_level_css":"","footnotes":""},"class_list":["post-313","page","type-page","status-publish","hentry","comments-off"],"yoast_head":"<!-- This site is optimized with the Yoast SEO plugin v19.13 - https:\/\/yoast.com\/wordpress\/plugins\/seo\/ -->\n<title>Elenildo (Neg\u00e3o do Lasca Gato) - C\u00e2mara Municipal de Baixa Grande<\/title>\n<meta name=\"robots\" content=\"index, follow, max-snippet:-1, max-image-preview:large, max-video-preview:-1\" \/>\n<link rel=\"canonical\" href=\"https:\/\/www.camarabaixagrande.ba.gov.br\/sessoes2021\/elenildo-negao-do-lasca-gato\/\" \/>\n<meta property=\"og:locale\" content=\"pt_BR\" \/>\n<meta property=\"og:type\" content=\"article\" \/>\n<meta property=\"og:title\" content=\"Elenildo (Neg\u00e3o do Lasca Gato) - C\u00e2mara Municipal de Baixa Grande\" \/>\n<meta property=\"og:description\" content=\"&nbsp;1,599&nbsp;Reprodu\u00e7\u00e3o\" \/>\n<meta property=\"og:url\" content=\"https:\/\/www.camarabaixagrande.ba.gov.br\/sessoes2021\/elenildo-negao-do-lasca-gato\/\" \/>\n<meta property=\"og:site_name\" content=\"C\u00e2mara Municipal de Baixa Grande\" \/>\n<meta property=\"article:modified_time\" content=\"2021-07-10T16:49:56+00:00\" \/>\n<meta name=\"twitter:card\" content=\"summary_large_image\" \/>\n<script type=\"application\/ld+json\" class=\"yoast-schema-graph\">{\"@context\":\"https:\/\/schema.org\",\"@graph\":[{\"@type\":\"WebPage\",\"@id\":\"https:\/\/www.camarabaixagrande.ba.gov.br\/sessoes2021\/elenildo-negao-do-lasca-gato\/\",\"url\":\"https:\/\/www.camarabaixagrande.ba.gov.br\/sessoes2021\/elenildo-negao-do-lasca-gato\/\",\"name\":\"Elenildo (Neg\u00e3o do Lasca Gato) - C\u00e2mara Municipal de Baixa Grande\",\"isPartOf\":{\"@id\":\"https:\/\/www.camarabaixagrande.ba.gov.br\/sessoes2021\/#website\"},\"datePublished\":\"2021-07-10T16:40:51+00:00\",\"dateModified\":\"2021-07-10T16:49:56+00:00\",\"breadcrumb\":{\"@id\":\"https:\/\/www.camarabaixagrande.ba.gov.br\/sessoes2021\/elenildo-negao-do-lasca-gato\/#breadcrumb\"},\"inLanguage\":\"pt-BR\",\"potentialAction\":[{\"@type\":\"ReadAction\",\"target\":[\"https:\/\/www.camarabaixagrande.ba.gov.br\/sessoes2021\/elenildo-negao-do-lasca-gato\/\"]}]},{\"@type\":\"BreadcrumbList\",\"@id\":\"https:\/\/www.camarabaixagrande.ba.gov.br\/sessoes2021\/elenildo-negao-do-lasca-gato\/#breadcrumb\",\"itemListElement\":[{\"@type\":\"ListItem\",\"position\":1,\"name\":\"In\u00edcio\",\"item\":\"https:\/\/www.camarabaixagrande.ba.gov.br\/sessoes2021\/\"},{\"@type\":\"ListItem\",\"position\":2,\"name\":\"Elenildo (Neg\u00e3o do Lasca Gato)\"}]},{\"@type\":\"WebSite\",\"@id\":\"https:\/\/www.camarabaixagrande.ba.gov.br\/sessoes2021\/#website\",\"url\":\"https:\/\/www.camarabaixagrande.ba.gov.br\/sessoes2021\/\",\"name\":\"C\u00e2mara Municipal de Baixa Grande\",\"description\":\"\u00c1udios das Sess\u00f5es de 2021 e 2022\",\"publisher\":{\"@id\":\"https:\/\/www.camarabaixagrande.ba.gov.br\/sessoes2021\/#organization\"},\"potentialAction\":[{\"@type\":\"SearchAction\",\"target\":{\"@type\":\"EntryPoint\",\"urlTemplate\":\"https:\/\/www.camarabaixagrande.ba.gov.br\/sessoes2021\/?s={search_term_string}\"},\"query-input\":\"required name=search_term_string\"}],\"inLanguage\":\"pt-BR\"},{\"@type\":\"Organization\",\"@id\":\"https:\/\/www.camarabaixagrande.ba.gov.br\/sessoes2021\/#organization\",\"name\":\"C\u00e2mara Municipal de Baixa Grande\",\"url\":\"https:\/\/www.camarabaixagrande.ba.gov.br\/sessoes2021\/\",\"logo\":{\"@type\":\"ImageObject\",\"inLanguage\":\"pt-BR\",\"@id\":\"https:\/\/www.camarabaixagrande.ba.gov.br\/sessoes2021\/#\/schema\/logo\/image\/\",\"url\":\"https:\/\/www.camarabaixagrande.ba.gov.br\/sessoes2021\/wp-content\/uploads\/2021\/08\/banner-reserva.png\",\"contentUrl\":\"https:\/\/www.camarabaixagrande.ba.gov.br\/sessoes2021\/wp-content\/uploads\/2021\/08\/banner-reserva.png\",\"width\":250,\"height\":90,\"caption\":\"C\u00e2mara Municipal de Baixa Grande\"},\"image\":{\"@id\":\"https:\/\/www.camarabaixagrande.ba.gov.br\/sessoes2021\/#\/schema\/logo\/image\/\"}}]}<\/script>\n<!-- \/ Yoast SEO plugin. -->","yoast_head_json":{"title":"Elenildo (Neg\u00e3o do Lasca Gato) - C\u00e2mara Municipal de Baixa Grande","robots":{"index":"index","follow":"follow","max-snippet":"max-snippet:-1","max-image-preview":"max-image-preview:large","max-video-preview":"max-video-preview:-1"},"canonical":"https:\/\/www.camarabaixagrande.ba.gov.br\/sessoes2021\/elenildo-negao-do-lasca-gato\/","og_locale":"pt_BR","og_type":"article","og_title":"Elenildo (Neg\u00e3o do Lasca Gato) - C\u00e2mara Municipal de Baixa Grande","og_description":"&nbsp;1,599&nbsp;Reprodu\u00e7\u00e3o","og_url":"https:\/\/www.camarabaixagrande.ba.gov.br\/sessoes2021\/elenildo-negao-do-lasca-gato\/","og_site_name":"C\u00e2mara Municipal de Baixa Grande","article_modified_time":"2021-07-10T16:49:56+00:00","twitter_card":"summary_large_image","schema":{"@context":"https:\/\/schema.org","@graph":[{"@type":"WebPage","@id":"https:\/\/www.camarabaixagrande.ba.gov.br\/sessoes2021\/elenildo-negao-do-lasca-gato\/","url":"https:\/\/www.camarabaixagrande.ba.gov.br\/sessoes2021\/elenildo-negao-do-lasca-gato\/","name":"Elenildo (Neg\u00e3o do Lasca Gato) - C\u00e2mara Municipal de Baixa Grande","isPartOf":{"@id":"https:\/\/www.camarabaixagrande.ba.gov.br\/sessoes2021\/#website"},"datePublished":"2021-07-10T16:40:51+00:00","dateModified":"2021-07-10T16:49:56+00:00","breadcrumb":{"@id":"https:\/\/www.camarabaixagrande.ba.gov.br\/sessoes2021\/elenildo-negao-do-lasca-gato\/#breadcrumb"},"inLanguage":"pt-BR","potentialAction":[{"@type":"ReadAction","target":["https:\/\/www.camarabaixagrande.ba.gov.br\/sessoes2021\/elenildo-negao-do-lasca-gato\/"]}]},{"@type":"BreadcrumbList","@id":"https:\/\/www.camarabaixagrande.ba.gov.br\/sessoes2021\/elenildo-negao-do-lasca-gato\/#breadcrumb","itemListElement":[{"@type":"ListItem","position":1,"name":"In\u00edcio","item":"https:\/\/www.camarabaixagrande.ba.gov.br\/sessoes2021\/"},{"@type":"ListItem","position":2,"name":"Elenildo (Neg\u00e3o do Lasca Gato)"}]},{"@type":"WebSite","@id":"https:\/\/www.camarabaixagrande.ba.gov.br\/sessoes2021\/#website","url":"https:\/\/www.camarabaixagrande.ba.gov.br\/sessoes2021\/","name":"C\u00e2mara Municipal de Baixa Grande","description":"\u00c1udios das Sess\u00f5es de 2021 e 2022","publisher":{"@id":"https:\/\/www.camarabaixagrande.ba.gov.br\/sessoes2021\/#organization"},"potentialAction":[{"@type":"SearchAction","target":{"@type":"EntryPoint","urlTemplate":"https:\/\/www.camarabaixagrande.ba.gov.br\/sessoes2021\/?s={search_term_string}"},"query-input":"required name=search_term_string"}],"inLanguage":"pt-BR"},{"@type":"Organization","@id":"https:\/\/www.camarabaixagrande.ba.gov.br\/sessoes2021\/#organization","name":"C\u00e2mara Municipal de Baixa Grande","url":"https:\/\/www.camarabaixagrande.ba.gov.br\/sessoes2021\/","logo":{"@type":"ImageObject","inLanguage":"pt-BR","@id":"https:\/\/www.camarabaixagrande.ba.gov.br\/sessoes2021\/#\/schema\/logo\/image\/","url":"https:\/\/www.camarabaixagrande.ba.gov.br\/sessoes2021\/wp-content\/uploads\/2021\/08\/banner-reserva.png","contentUrl":"https:\/\/www.camarabaixagrande.ba.gov.br\/sessoes2021\/wp-content\/uploads\/2021\/08\/banner-reserva.png","width":250,"height":90,"caption":"C\u00e2mara Municipal de Baixa Grande"},"image":{"@id":"https:\/\/www.camarabaixagrande.ba.gov.br\/sessoes2021\/#\/schema\/logo\/image\/"}}]}},"uagb_featured_image_src":{"full":false,"thumbnail":false,"medium":false,"medium_large":false,"large":false,"1536x1536":false,"2048x2048":false,"post-thumbnail":false,"donovan-list-post":false},"uagb_author_info":{"display_name":"Ediomario","author_link":"https:\/\/www.camarabaixagrande.ba.gov.br\/sessoes2021\/author\/ediomario\/"},"uagb_comment_info":0,"uagb_excerpt":"&nbsp;1,599&nbsp;Reprodu\u00e7\u00e3o","_links":{"self":[{"href":"https:\/\/www.camarabaixagrande.ba.gov.br\/sessoes2021\/wp-json\/wp\/v2\/pages\/313","targetHints":{"allow":["GET"]}}],"collection":[{"href":"https:\/\/www.camarabaixagrande.ba.gov.br\/sessoes2021\/wp-json\/wp\/v2\/pages"}],"about":[{"href":"https:\/\/www.camarabaixagrande.ba.gov.br\/sessoes2021\/wp-json\/wp\/v2\/types\/page"}],"author":[{"embeddable":true,"href":"https:\/\/www.camarabaixagrande.ba.gov.br\/sessoes2021\/wp-json\/wp\/v2\/users\/1"}],"replies":[{"embeddable":true,"href":"https:\/\/www.camarabaixagrande.ba.gov.br\/sessoes2021\/wp-json\/wp\/v2\/comments?post=313"}],"version-history":[{"count":2,"href":"https:\/\/www.camarabaixagrande.ba.gov.br\/sessoes2021\/wp-json\/wp\/v2\/pages\/313\/revisions"}],"predecessor-version":[{"id":333,"href":"https:\/\/www.camarabaixagrande.ba.gov.br\/sessoes2021\/wp-json\/wp\/v2\/pages\/313\/revisions\/333"}],"wp:attachment":[{"href":"https:\/\/www.camarabaixagrande.ba.gov.br\/sessoes2021\/wp-json\/wp\/v2\/media?parent=313"}],"curies":[{"name":"wp","href":"https:\/\/api.w.org\/{rel}","templated":true}]}}